{"id":3525,"date":"2024-12-06T09:56:57","date_gmt":"2024-12-06T09:56:57","guid":{"rendered":"https:\/\/proacquagroup.com\/slimline-s-ac-acqua-liscia-temp-ambiente-e-fredda\/"},"modified":"2025-04-15T12:23:32","modified_gmt":"2025-04-15T12:23:32","slug":"slimline-s-ac-stillwasser-ungekuehlt-und-gekuehlt","status":"publish","type":"product","link":"https:\/\/proacquagroup.com\/de\/slimline-s-ac-stillwasser-ungekuehlt-und-gekuehlt\/","title":{"rendered":"SLIMLINE S AC \u2013 Stillwasser, ungek\u00fchlt und gek\u00fchlt"},"content":{"rendered":"<p class=\"\" data-start=\"169\" data-end=\"396\">Ein kompakter Wasserspender, der entwickelt wurde, um Funktionalit\u00e4t und Vielseitigkeit auch in begrenzten R\u00e4umen zu bieten. Ideal f\u00fcr alle, die ein praktisches und elegantes System suchen, das sich flexibel installieren l\u00e4sst.<\/p>\n<p class=\"\" data-start=\"398\" data-end=\"417\"><strong data-start=\"398\" data-end=\"415\">Hauptmerkmale<\/strong><\/p>\n<ul data-start=\"418\" data-end=\"811\">\n<li class=\"\" data-start=\"418\" data-end=\"562\">\n<p class=\"\" data-start=\"420\" data-end=\"562\"><strong data-start=\"420\" data-end=\"436\">K\u00fchlleistung<\/strong>: Gibt Wasser bei Raumtemperatur und gek\u00fchltes Wasser mit einer Kapazit\u00e4t von bis zu 15 L\/h ab (bei 20 \u00b0C Zulauftemperatur).<\/p>\n<\/li>\n<li class=\"\" data-start=\"563\" data-end=\"695\">\n<p class=\"\" data-start=\"565\" data-end=\"695\"><strong data-start=\"565\" data-end=\"599\">Kompaktes und flexibles Design<\/strong>: Passt sich verschiedenen Anforderungen an und kann platzsparend an der Wand montiert werden.<\/p>\n<\/li>\n<li class=\"\" data-start=\"696\" data-end=\"811\">\n<p class=\"\" data-start=\"698\" data-end=\"811\"><strong data-start=\"698\" data-end=\"726\">Anpassbares Filtersystem<\/strong>: Externe Filter k\u00f6nnen bis zu 5 Meter vom Wasserspender entfernt installiert werden.<\/p>\n<\/li>\n<\/ul>\n<p class=\"\" data-start=\"813\" data-end=\"828\"><strong data-start=\"813\" data-end=\"826\">Ideal f\u00fcr<\/strong><\/p>\n<ul data-start=\"829\" data-end=\"956\">\n<li class=\"\" data-start=\"829\" data-end=\"905\">\n<p class=\"\" data-start=\"831\" data-end=\"905\">R\u00e4ume mit begrenztem Platzangebot, z.\u202fB. B\u00fcros, Pausenr\u00e4ume oder K\u00fcchen.<\/p>\n<\/li>\n<li class=\"\" data-start=\"906\" data-end=\"956\">\n<p class=\"\" data-start=\"908\" data-end=\"956\">Minimalistische L\u00f6sungen dank Wandmontageoption.<\/p>\n<\/li>\n<\/ul>\n<p class=\"\" data-start=\"958\" data-end=\"989\"><strong data-start=\"958\" data-end=\"989\">Warum dieses Modell w\u00e4hlen?<\/strong><\/p>\n<p class=\"\" data-start=\"991\" data-end=\"1275\">Dieser kompakte Wasserspender vereint Funktionalit\u00e4t und Praktikabilit\u00e4t und sorgt jederzeit f\u00fcr frisches und sicheres Wasser. Die M\u00f6glichkeit, externe Filter zu integrieren, und die Option zur Wandmontage machen ihn zu einer vielseitigen und anpassungsf\u00e4higen Wahl f\u00fcr jede Umgebung.<\/p>\n","protected":false},"excerpt":{"rendered":"<p>Kompakter Wasserspender \u2013 Wasser bei Raumtemperatur und gek\u00fchlt (15 L\/h)<\/p>\n","protected":false},"featured_media":3333,"comment_status":"closed","ping_status":"closed","template":"","meta":{"inline_featured_image":false},"product_brand":[],"product_cat":[63],"product_tag":[],"class_list":{"0":"post-3525","1":"product","2":"type-product","3":"status-publish","4":"has-post-thumbnail","6":"product_cat-professionelle-wasserspender-30-l-h","8":"first","9":"instock","10":"shipping-taxable","11":"purchasable","12":"product-type-simple"},"_links":{"self":[{"href":"https:\/\/proacquagroup.com\/de\/wp-json\/wp\/v2\/product\/3525","targetHints":{"allow":["GET"]}}],"collection":[{"href":"https:\/\/proacquagroup.com\/de\/wp-json\/wp\/v2\/product"}],"about":[{"href":"https:\/\/proacquagroup.com\/de\/wp-json\/wp\/v2\/types\/product"}],"replies":[{"embeddable":true,"href":"https:\/\/proacquagroup.com\/de\/wp-json\/wp\/v2\/comments?post=3525"}],"wp:featuredmedia":[{"embeddable":true,"href":"https:\/\/proacquagroup.com\/de\/wp-json\/wp\/v2\/media\/3333"}],"wp:attachment":[{"href":"https:\/\/proacquagroup.com\/de\/wp-json\/wp\/v2\/media?parent=3525"}],"wp:term":[{"taxonomy":"product_brand","embeddable":true,"href":"https:\/\/proacquagroup.com\/de\/wp-json\/wp\/v2\/product_brand?post=3525"},{"taxonomy":"product_cat","embeddable":true,"href":"https:\/\/proacquagroup.com\/de\/wp-json\/wp\/v2\/product_cat?post=3525"},{"taxonomy":"product_tag","embeddable":true,"href":"https:\/\/proacquagroup.com\/de\/wp-json\/wp\/v2\/product_tag?post=3525"}],"curies":[{"name":"wp","href":"https:\/\/api.w.org\/{rel}","templated":true}]}}