{"id":3530,"date":"2024-12-06T09:53:41","date_gmt":"2024-12-06T09:53:41","guid":{"rendered":"https:\/\/proacquagroup.com\/hrc-bti-s-acwg-acqua-temp-ambiente-fredda-liscia-e-fredda-gasata\/"},"modified":"2025-04-15T13:52:29","modified_gmt":"2025-04-15T13:52:29","slug":"hrc-bti-s-raumtemperiertes-gekuehltes-und-sprudelwasser","status":"publish","type":"product","link":"https:\/\/proacquagroup.com\/de\/hrc-bti-s-raumtemperiertes-gekuehltes-und-sprudelwasser\/","title":{"rendered":"HRC BTI S \u2013 Raumtemperiertes, gek\u00fchltes und Sprudelwasser"},"content":{"rendered":"<p class=\"\" data-start=\"1784\" data-end=\"1861\"><strong data-start=\"1784\" data-end=\"1861\">HRC BTI (Bench Top Inox) \u2013 Eleganter und funktionaler Tisch-Wasserspender<\/strong><\/p>\n<p class=\"\" data-start=\"1863\" data-end=\"2194\">Der HRC BTI ist ein Tisch-Wasserspender, der entwickelt wurde, um Stil und Funktionalit\u00e4t in Innenr\u00e4umen zu vereinen. Mit integriertem K\u00fchlsystem ausgestattet und kompatibel mit externen Filtern oder einem optionalen Edelstahlgeh\u00e4use, stellt er eine vielseitige und professionelle L\u00f6sung zur Versorgung mit hochwertigem Wasser dar.<\/p>\n<h3 class=\"\" data-start=\"2196\" data-end=\"2213\">Hauptmerkmale<\/h3>\n<ul data-start=\"2214\" data-end=\"2607\">\n<li class=\"\" data-start=\"2214\" data-end=\"2332\">\n<p class=\"\" data-start=\"2216\" data-end=\"2332\"><strong data-start=\"2216\" data-end=\"2236\">Kompaktes Design<\/strong>: Idealer Tisch-Wasserspender f\u00fcr begrenzte Platzverh\u00e4ltnisse, mit Bedientasten aus Edelstahl.<\/p>\n<\/li>\n<li class=\"\" data-start=\"2333\" data-end=\"2460\">\n<p class=\"\" data-start=\"2335\" data-end=\"2460\"><strong data-start=\"2335\" data-end=\"2361\">Flexibles Filtersystem<\/strong>: Filter k\u00f6nnen extern oder im optionalen Geh\u00e4use aus satiniertem Edelstahl untergebracht werden.<\/p>\n<\/li>\n<li class=\"\" data-start=\"2461\" data-end=\"2607\">\n<p class=\"\" data-start=\"2463\" data-end=\"2607\"><strong data-start=\"2463\" data-end=\"2490\">Optionales Standgeh\u00e4use<\/strong>: Das separat erh\u00e4ltliche Edelstahlgeh\u00e4use macht den Spender freistehend und bietet Platz f\u00fcr Filter und CO\u2082-Flasche.<\/p>\n<\/li>\n<\/ul>\n<h3 class=\"\" data-start=\"2609\" data-end=\"2646\">Edelstahlgeh\u00e4use mit Satin-Finish<\/h3>\n<ul data-start=\"2647\" data-end=\"2870\">\n<li class=\"\" data-start=\"2647\" data-end=\"2738\">\n<p class=\"\" data-start=\"2649\" data-end=\"2738\"><strong data-start=\"2649\" data-end=\"2679\">Eleganz und Funktionalit\u00e4t<\/strong>: Perfekt abgestimmt auf das Design des HRC BTI-Spenders.<\/p>\n<\/li>\n<li class=\"\" data-start=\"2739\" data-end=\"2822\">\n<p class=\"\" data-start=\"2741\" data-end=\"2822\"><strong data-start=\"2741\" data-end=\"2766\">Zweckm\u00e4\u00dfiger Stauraum<\/strong>: Bietet ausreichend Platz f\u00fcr Filter und CO\u2082-Flasche.<\/p>\n<\/li>\n<li class=\"\" data-start=\"2823\" data-end=\"2870\">\n<p class=\"\" data-start=\"2825\" data-end=\"2870\"><strong data-start=\"2825\" data-end=\"2834\">Preis<\/strong>: Separat erh\u00e4ltlich f\u00fcr 1.525,00 \u20ac.<\/p>\n<\/li>\n<\/ul>\n<h3 class=\"\" data-start=\"2872\" data-end=\"2897\">Warum HRC BTI w\u00e4hlen?<\/h3>\n<p class=\"\" data-start=\"2899\" data-end=\"3136\">Der HRC BTI ist die perfekte L\u00f6sung f\u00fcr alle, die ein kompaktes, aber leistungsstarkes Ger\u00e4t mit elegantem Design und anpassbaren Optionen suchen. Ideal f\u00fcr B\u00fcros, Profik\u00fcchen und alle Umgebungen, in denen Stil und Funktion gefragt sind.<\/p>\n","protected":false},"excerpt":{"rendered":"<p>TISCH-WASSERSPENDER AUS EDELSTAHL \u2013 RAUMTEMPERIERTES, GEK\u00dcHLTES STILL- UND SPRUDELWASSER, 15 L\/H<\/p>\n","protected":false},"featured_media":3319,"comment_status":"closed","ping_status":"closed","template":"","meta":{"inline_featured_image":false},"product_brand":[],"product_cat":[63],"product_tag":[],"class_list":{"0":"post-3530","1":"product","2":"type-product","3":"status-publish","4":"has-post-thumbnail","6":"product_cat-professionelle-wasserspender-30-l-h","8":"first","9":"instock","10":"shipping-taxable","11":"purchasable","12":"product-type-simple"},"_links":{"self":[{"href":"https:\/\/proacquagroup.com\/de\/wp-json\/wp\/v2\/product\/3530","targetHints":{"allow":["GET"]}}],"collection":[{"href":"https:\/\/proacquagroup.com\/de\/wp-json\/wp\/v2\/product"}],"about":[{"href":"https:\/\/proacquagroup.com\/de\/wp-json\/wp\/v2\/types\/product"}],"replies":[{"embeddable":true,"href":"https:\/\/proacquagroup.com\/de\/wp-json\/wp\/v2\/comments?post=3530"}],"wp:featuredmedia":[{"embeddable":true,"href":"https:\/\/proacquagroup.com\/de\/wp-json\/wp\/v2\/media\/3319"}],"wp:attachment":[{"href":"https:\/\/proacquagroup.com\/de\/wp-json\/wp\/v2\/media?parent=3530"}],"wp:term":[{"taxonomy":"product_brand","embeddable":true,"href":"https:\/\/proacquagroup.com\/de\/wp-json\/wp\/v2\/product_brand?post=3530"},{"taxonomy":"product_cat","embeddable":true,"href":"https:\/\/proacquagroup.com\/de\/wp-json\/wp\/v2\/product_cat?post=3530"},{"taxonomy":"product_tag","embeddable":true,"href":"https:\/\/proacquagroup.com\/de\/wp-json\/wp\/v2\/product_tag?post=3530"}],"curies":[{"name":"wp","href":"https:\/\/api.w.org\/{rel}","templated":true}]}}