{"id":3536,"date":"2024-12-06T09:37:27","date_gmt":"2024-12-06T09:37:27","guid":{"rendered":"https:\/\/proacquagroup.com\/acquawall-s-cwg\/"},"modified":"2025-04-15T14:27:34","modified_gmt":"2025-04-15T14:27:34","slug":"acquawall-s-gekuehltes-und-sprudelwasser","status":"publish","type":"product","link":"https:\/\/proacquagroup.com\/de\/acquawall-s-gekuehltes-und-sprudelwasser\/","title":{"rendered":"ACQUAWALL S \u2013 Gek\u00fchltes und Sprudelwasser"},"content":{"rendered":"<p class=\"\" data-start=\"1554\" data-end=\"1624\"><strong data-start=\"1554\" data-end=\"1624\">Einbau-Wasserspender \u2013 Gek\u00fchltes stilles und Sprudelwasser, 15\u202fL\/h<\/strong><\/p>\n<p class=\"\" data-start=\"1626\" data-end=\"1849\">Dieser Einbau-Wasserspender ist die ideale L\u00f6sung f\u00fcr Innenr\u00e4ume, in denen Eleganz und Funktionalit\u00e4t gefragt sind.<br data-start=\"1741\" data-end=\"1744\" \/>Er wurde f\u00fcr eine einfache Integration in moderne Umgebungen entwickelt und eignet sich hervorragend f\u00fcr:<\/p>\n<ul data-start=\"1851\" data-end=\"1913\">\n<li class=\"\" data-start=\"1851\" data-end=\"1870\">\n<p class=\"\" data-start=\"1853\" data-end=\"1870\">Fr\u00fchst\u00fccksr\u00e4ume<\/p>\n<\/li>\n<li class=\"\" data-start=\"1871\" data-end=\"1889\">\n<p class=\"\" data-start=\"1873\" data-end=\"1889\">Fitnessstudios<\/p>\n<\/li>\n<li class=\"\" data-start=\"1890\" data-end=\"1899\">\n<p class=\"\" data-start=\"1892\" data-end=\"1899\">B\u00fcros<\/p>\n<\/li>\n<li class=\"\" data-start=\"1900\" data-end=\"1913\">\n<p class=\"\" data-start=\"1902\" data-end=\"1913\">Wohnanlagen<\/p>\n<\/li>\n<\/ul>\n<h3 class=\"\" data-start=\"1915\" data-end=\"1934\">Hauptmerkmale<\/h3>\n<ul data-start=\"1935\" data-end=\"2217\">\n<li class=\"\" data-start=\"1935\" data-end=\"2077\">\n<p class=\"\" data-start=\"1937\" data-end=\"2077\"><strong data-start=\"1937\" data-end=\"1958\">Optimale Leistung<\/strong>: Gibt gek\u00fchltes stilles und Sprudelwasser mit einer K\u00fchlleistung von bis zu 15\u202fL\/h aus (bei 20\u202f\u00b0C Zulauftemperatur).<\/p>\n<\/li>\n<li class=\"\" data-start=\"2078\" data-end=\"2217\">\n<p class=\"\" data-start=\"2080\" data-end=\"2217\"><strong data-start=\"2080\" data-end=\"2115\">Sichere und intuitive Steuerung<\/strong>: Niederspannungstasten, vandalismussicher und programmierbar zur Auswahl der gew\u00fcnschten Wassersorte.<\/p>\n<\/li>\n<\/ul>\n<h3 class=\"\" data-start=\"2219\" data-end=\"2247\">Optionale Zubeh\u00f6rteile<\/h3>\n<p class=\"\" data-start=\"2248\" data-end=\"2351\">Passen Sie den Spender mit fortschrittlichen Optionen an, um h\u00f6chste Wasserqualit\u00e4t zu gew\u00e4hrleisten:<\/p>\n<ul data-start=\"2352\" data-end=\"2526\">\n<li class=\"\" data-start=\"2352\" data-end=\"2448\">\n<p class=\"\" data-start=\"2354\" data-end=\"2448\"><strong data-start=\"2354\" data-end=\"2382\">Erweitertes Filtersystem<\/strong>: Mikrofiltration und Aktivkohle f\u00fcr reines und sicheres Wasser.<\/p>\n<\/li>\n<li class=\"\" data-start=\"2449\" data-end=\"2526\">\n<p class=\"\" data-start=\"2451\" data-end=\"2526\"><strong data-start=\"2451\" data-end=\"2477\">Zus\u00e4tzlicher UV-Schutz<\/strong>: UV-Lampe am Wassereingang f\u00fcr optimale Hygiene.<\/p>\n<\/li>\n<\/ul>\n<h3 class=\"\" data-start=\"2528\" data-end=\"2561\">Warum dieses Modell w\u00e4hlen?<\/h3>\n<p class=\"\" data-start=\"2562\" data-end=\"2875\">Kompakt, elegant und vielseitig \u2013 dieser Spender ist ideal f\u00fcr Innenbereiche, in denen Zuverl\u00e4ssigkeit und Design im Vordergrund stehen.<br data-start=\"2698\" data-end=\"2701\" \/>Mit seiner passenden Kapazit\u00e4t f\u00fcr mittlere Nutzung und optionalem Zubeh\u00f6r zur Qualit\u00e4tsverbesserung bietet er eine moderne, praktische L\u00f6sung f\u00fcr den t\u00e4glichen Wasserbedarf.<\/p>\n","protected":false},"excerpt":{"rendered":"<p>ACQUAWALL S CWG \u2013 Einbau-Wasserspender f\u00fcr Innenbereiche, 15\u202fL\/h stilles und Sprudelwasser<\/p>\n","protected":false},"featured_media":3957,"comment_status":"closed","ping_status":"closed","template":"","meta":{"inline_featured_image":false},"product_brand":[],"product_cat":[69],"product_tag":[],"class_list":{"0":"post-3536","1":"product","2":"type-product","3":"status-publish","4":"has-post-thumbnail","6":"product_cat-proacqua-slim","8":"first","9":"instock","10":"shipping-taxable","11":"purchasable","12":"product-type-simple"},"_links":{"self":[{"href":"https:\/\/proacquagroup.com\/de\/wp-json\/wp\/v2\/product\/3536","targetHints":{"allow":["GET"]}}],"collection":[{"href":"https:\/\/proacquagroup.com\/de\/wp-json\/wp\/v2\/product"}],"about":[{"href":"https:\/\/proacquagroup.com\/de\/wp-json\/wp\/v2\/types\/product"}],"replies":[{"embeddable":true,"href":"https:\/\/proacquagroup.com\/de\/wp-json\/wp\/v2\/comments?post=3536"}],"wp:featuredmedia":[{"embeddable":true,"href":"https:\/\/proacquagroup.com\/de\/wp-json\/wp\/v2\/media\/3957"}],"wp:attachment":[{"href":"https:\/\/proacquagroup.com\/de\/wp-json\/wp\/v2\/media?parent=3536"}],"wp:term":[{"taxonomy":"product_brand","embeddable":true,"href":"https:\/\/proacquagroup.com\/de\/wp-json\/wp\/v2\/product_brand?post=3536"},{"taxonomy":"product_cat","embeddable":true,"href":"https:\/\/proacquagroup.com\/de\/wp-json\/wp\/v2\/product_cat?post=3536"},{"taxonomy":"product_tag","embeddable":true,"href":"https:\/\/proacquagroup.com\/de\/wp-json\/wp\/v2\/product_tag?post=3536"}],"curies":[{"name":"wp","href":"https:\/\/api.w.org\/{rel}","templated":true}]}}