{"id":3538,"date":"2024-12-06T09:35:22","date_gmt":"2024-12-06T09:35:22","guid":{"rendered":"https:\/\/proacquagroup.com\/hang-ac\/"},"modified":"2025-04-15T14:36:40","modified_gmt":"2025-04-15T14:36:40","slug":"hang-raumtemperiertes-und-gekuehltes-wasser","status":"publish","type":"product","link":"https:\/\/proacquagroup.com\/de\/hang-raumtemperiertes-und-gekuehltes-wasser\/","title":{"rendered":"HANG \u2013 Raumtemperiertes und gek\u00fchltes Wasser"},"content":{"rendered":"<p class=\"\" data-start=\"1884\" data-end=\"1971\"><strong data-start=\"1884\" data-end=\"1971\">Freistehender Wasserspender \u2013 Stilles Wasser bei Raumtemperatur und gek\u00fchlt, 60\u202fL\/h<\/strong><\/p>\n<p class=\"\" data-start=\"1973\" data-end=\"2269\">Dieser freistehende Wasserspender ist f\u00fcr \u00fcberdachte \u00f6ffentliche Innenbereiche konzipiert und vereint Robustheit, Benutzerfreundlichkeit und moderne Technologie.<br data-start=\"2134\" data-end=\"2137\" \/>Er wird komplett vormontiert geliefert, ist leicht zu transportieren und zu installieren \u2013 ideal f\u00fcr eine Vielzahl von Einsatzorten:<\/p>\n<ul data-start=\"2271\" data-end=\"2429\">\n<li class=\"\" data-start=\"2271\" data-end=\"2300\">\n<p class=\"\" data-start=\"2273\" data-end=\"2300\">Schulen und Universit\u00e4ten<\/p>\n<\/li>\n<li class=\"\" data-start=\"2301\" data-end=\"2316\">\n<p class=\"\" data-start=\"2303\" data-end=\"2316\">Superm\u00e4rkte<\/p>\n<\/li>\n<li class=\"\" data-start=\"2317\" data-end=\"2332\">\n<p class=\"\" data-start=\"2319\" data-end=\"2332\">Wohnanlagen<\/p>\n<\/li>\n<li class=\"\" data-start=\"2333\" data-end=\"2371\">\n<p class=\"\" data-start=\"2335\" data-end=\"2371\">Fitnessstudios und Einkaufszentren<\/p>\n<\/li>\n<li class=\"\" data-start=\"2372\" data-end=\"2429\">\n<p class=\"\" data-start=\"2374\" data-end=\"2429\">Gesch\u00e4fte und Gro\u00dfunternehmen mit vielen Mitarbeitenden<\/p>\n<\/li>\n<\/ul>\n<h3 class=\"\" data-start=\"2431\" data-end=\"2450\">Hauptmerkmale<\/h3>\n<ul data-start=\"2451\" data-end=\"3018\">\n<li class=\"\" data-start=\"2451\" data-end=\"2605\">\n<p class=\"\" data-start=\"2453\" data-end=\"2605\"><strong data-start=\"2453\" data-end=\"2475\">Effiziente K\u00fchlung<\/strong>: Gibt stilles Wasser bei Raumtemperatur und gek\u00fchlt aus, mit einer K\u00fchlleistung von bis zu 60\u202fL\/h (bei 20\u202f\u00b0C Zulauftemperatur).<\/p>\n<\/li>\n<li class=\"\" data-start=\"2606\" data-end=\"2710\">\n<p class=\"\" data-start=\"2608\" data-end=\"2710\"><strong data-start=\"2608\" data-end=\"2628\">Barrierefreiheit<\/strong>: Entspricht den Vorschriften zur Zug\u00e4nglichkeit f\u00fcr Menschen mit Behinderungen.<\/p>\n<\/li>\n<li class=\"\" data-start=\"2711\" data-end=\"2833\">\n<p class=\"\" data-start=\"2713\" data-end=\"2833\"><strong data-start=\"2713\" data-end=\"2748\">Sichere und intuitive Bedienung<\/strong>: Vandalismussichere Niederspannungstasten zur Auswahl der gew\u00fcnschten Wassersorte.<\/p>\n<\/li>\n<li class=\"\" data-start=\"2834\" data-end=\"2924\">\n<p class=\"\" data-start=\"2836\" data-end=\"2924\"><strong data-start=\"2836\" data-end=\"2863\">Automatische Sauberkeit<\/strong>: Tropfschale f\u00fcr eine stets saubere und trockene Umgebung.<\/p>\n<\/li>\n<li class=\"\" data-start=\"2925\" data-end=\"3018\">\n<p class=\"\" data-start=\"2927\" data-end=\"3018\"><strong data-start=\"2927\" data-end=\"2948\">Hygienesicherheit<\/strong>: UV-Bestrahlung an der Auslassd\u00fcse zur Vermeidung von R\u00fcckverkeimung.<\/p>\n<\/li>\n<\/ul>\n<h3 class=\"\" data-start=\"3020\" data-end=\"3048\">Optionale Zubeh\u00f6rteile<\/h3>\n<p class=\"\" data-start=\"3049\" data-end=\"3134\">Erweitern Sie die Funktionalit\u00e4t und Hygiene des Spenders mit optionalen Komponenten:<\/p>\n<ul data-start=\"3136\" data-end=\"3324\">\n<li class=\"\" data-start=\"3136\" data-end=\"3233\">\n<p class=\"\" data-start=\"3138\" data-end=\"3233\"><strong data-start=\"3138\" data-end=\"3166\">Erweitertes Filtersystem<\/strong>: Mikrofiltration und Aktivkohle f\u00fcr Wasser in h\u00f6chster Qualit\u00e4t.<\/p>\n<\/li>\n<li class=\"\" data-start=\"3234\" data-end=\"3324\">\n<p class=\"\" data-start=\"3236\" data-end=\"3324\"><strong data-start=\"3236\" data-end=\"3262\">Zus\u00e4tzlicher UV-Schutz<\/strong>: UV-Lampe am Wassereingang f\u00fcr zus\u00e4tzliche Hygienesicherheit.<\/p>\n<\/li>\n<\/ul>\n<h3 class=\"\" data-start=\"3326\" data-end=\"3357\">Warum dieses Modell w\u00e4hlen?<\/h3>\n<p class=\"\" data-start=\"3359\" data-end=\"3652\">Ideal f\u00fcr stark frequentierte Bereiche \u2013 dieser Spender \u00fcberzeugt durch Leistung, einfache Handhabung und robustes Design. Dank optimaler K\u00fchlleistung, erweiterten Hygienefunktionen und vielf\u00e4ltiger Anpassungsm\u00f6glichkeiten ist er die perfekte L\u00f6sung f\u00fcr \u00f6ffentliche und gewerbliche Innenr\u00e4ume.<\/p>\n","protected":false},"excerpt":{"rendered":"<p>\u00d6ffentlicher Wasserspender f\u00fcr Innenbereiche \u2013 60\u202fL\/h stilles Wasser, gek\u00fchlt und raumtemperiert<\/p>\n","protected":false},"featured_media":3299,"comment_status":"closed","ping_status":"closed","template":"","meta":{"inline_featured_image":false},"product_brand":[],"product_cat":[75],"product_tag":[],"class_list":{"0":"post-3538","1":"product","2":"type-product","3":"status-publish","4":"has-post-thumbnail","6":"product_cat-proacqua-hang-de","8":"first","9":"instock","10":"shipping-taxable","11":"purchasable","12":"product-type-simple"},"_links":{"self":[{"href":"https:\/\/proacquagroup.com\/de\/wp-json\/wp\/v2\/product\/3538","targetHints":{"allow":["GET"]}}],"collection":[{"href":"https:\/\/proacquagroup.com\/de\/wp-json\/wp\/v2\/product"}],"about":[{"href":"https:\/\/proacquagroup.com\/de\/wp-json\/wp\/v2\/types\/product"}],"replies":[{"embeddable":true,"href":"https:\/\/proacquagroup.com\/de\/wp-json\/wp\/v2\/comments?post=3538"}],"wp:featuredmedia":[{"embeddable":true,"href":"https:\/\/proacquagroup.com\/de\/wp-json\/wp\/v2\/media\/3299"}],"wp:attachment":[{"href":"https:\/\/proacquagroup.com\/de\/wp-json\/wp\/v2\/media?parent=3538"}],"wp:term":[{"taxonomy":"product_brand","embeddable":true,"href":"https:\/\/proacquagroup.com\/de\/wp-json\/wp\/v2\/product_brand?post=3538"},{"taxonomy":"product_cat","embeddable":true,"href":"https:\/\/proacquagroup.com\/de\/wp-json\/wp\/v2\/product_cat?post=3538"},{"taxonomy":"product_tag","embeddable":true,"href":"https:\/\/proacquagroup.com\/de\/wp-json\/wp\/v2\/product_tag?post=3538"}],"curies":[{"name":"wp","href":"https:\/\/api.w.org\/{rel}","templated":true}]}}