{"id":3540,"date":"2024-12-06T09:33:27","date_gmt":"2024-12-06T09:33:27","guid":{"rendered":"https:\/\/proacquagroup.com\/hang-cwg\/"},"modified":"2025-04-15T14:39:54","modified_gmt":"2025-04-15T14:39:54","slug":"hang-cwg","status":"publish","type":"product","link":"https:\/\/proacquagroup.com\/de\/hang-cwg\/","title":{"rendered":"HANG \u2013 Gek\u00fchltes und Sprudelwasser"},"content":{"rendered":"<p class=\"\" data-start=\"1855\" data-end=\"1932\"><strong data-start=\"1855\" data-end=\"1932\">Freistehender Wasserspender \u2013 Gek\u00fchltes stilles und Sprudelwasser, 60\u202fL\/h<\/strong><\/p>\n<p class=\"\" data-start=\"1934\" data-end=\"2205\">Ein freistehender Wasserspender f\u00fcr \u00fcberdachte \u00f6ffentliche R\u00e4ume, mit robuster Bauweise und fortschrittlicher Technologie. Einfach zu transportieren und zu installieren \u2013 die ideale L\u00f6sung f\u00fcr verschiedenste Einsatzbereiche dank seiner Vielseitigkeit und Zuverl\u00e4ssigkeit:<\/p>\n<ul data-start=\"2207\" data-end=\"2365\">\n<li class=\"\" data-start=\"2207\" data-end=\"2236\">\n<p class=\"\" data-start=\"2209\" data-end=\"2236\">Schulen und Universit\u00e4ten<\/p>\n<\/li>\n<li class=\"\" data-start=\"2237\" data-end=\"2252\">\n<p class=\"\" data-start=\"2239\" data-end=\"2252\">Superm\u00e4rkte<\/p>\n<\/li>\n<li class=\"\" data-start=\"2253\" data-end=\"2268\">\n<p class=\"\" data-start=\"2255\" data-end=\"2268\">Wohnanlagen<\/p>\n<\/li>\n<li class=\"\" data-start=\"2269\" data-end=\"2307\">\n<p class=\"\" data-start=\"2271\" data-end=\"2307\">Fitnessstudios und Einkaufszentren<\/p>\n<\/li>\n<li class=\"\" data-start=\"2308\" data-end=\"2365\">\n<p class=\"\" data-start=\"2310\" data-end=\"2365\">Gesch\u00e4fte und Gro\u00dfunternehmen mit vielen Mitarbeitenden<\/p>\n<\/li>\n<\/ul>\n<h3 class=\"\" data-start=\"2367\" data-end=\"2386\">Hauptmerkmale<\/h3>\n<ul data-start=\"2387\" data-end=\"2915\">\n<li class=\"\" data-start=\"2387\" data-end=\"2503\">\n<p class=\"\" data-start=\"2389\" data-end=\"2503\"><strong data-start=\"2389\" data-end=\"2411\">Effiziente K\u00fchlung<\/strong>: Gibt gek\u00fchltes stilles und Sprudelwasser bis zu 60\u202fL\/h aus (bei 20\u202f\u00b0C Zulauftemperatur).<\/p>\n<\/li>\n<li class=\"\" data-start=\"2504\" data-end=\"2602\">\n<p class=\"\" data-start=\"2506\" data-end=\"2602\"><strong data-start=\"2506\" data-end=\"2527\">Inklusives Design<\/strong>: Entspricht vollst\u00e4ndig den Vorschriften f\u00fcr Menschen mit Behinderungen.<\/p>\n<\/li>\n<li class=\"\" data-start=\"2603\" data-end=\"2748\">\n<p class=\"\" data-start=\"2605\" data-end=\"2748\"><strong data-start=\"2605\" data-end=\"2643\">Sichere, programmierbare Steuerung<\/strong>: Vandalismussichere Niederspannungstasten, konfigurierbar f\u00fcr die Auswahl der gew\u00fcnschten Wassersorte.<\/p>\n<\/li>\n<li class=\"\" data-start=\"2749\" data-end=\"2839\">\n<p class=\"\" data-start=\"2751\" data-end=\"2839\"><strong data-start=\"2751\" data-end=\"2775\">Sauberkeit jederzeit<\/strong>: Integrierte Tropfschale h\u00e4lt den Bereich sauber und trocken.<\/p>\n<\/li>\n<li class=\"\" data-start=\"2840\" data-end=\"2915\">\n<p class=\"\" data-start=\"2842\" data-end=\"2915\"><strong data-start=\"2842\" data-end=\"2859\">Hygieneschutz<\/strong>: UV-Lampe an der Auslassd\u00fcse verhindert R\u00fcckverkeimung.<\/p>\n<\/li>\n<\/ul>\n<h3 class=\"\" data-start=\"2917\" data-end=\"2945\">Optionale Zubeh\u00f6rteile<\/h3>\n<p class=\"\" data-start=\"2946\" data-end=\"3040\">Passen Sie den Spender mit zus\u00e4tzlichen Funktionen f\u00fcr maximale Wasserqualit\u00e4t und Hygiene an:<\/p>\n<ul data-start=\"3042\" data-end=\"3209\">\n<li class=\"\" data-start=\"3042\" data-end=\"3123\">\n<p class=\"\" data-start=\"3044\" data-end=\"3123\"><strong data-start=\"3044\" data-end=\"3060\">Filtersystem<\/strong>: Mikrofiltration und Aktivkohle f\u00fcr dauerhaft reines Wasser.<\/p>\n<\/li>\n<li class=\"\" data-start=\"3124\" data-end=\"3209\">\n<p class=\"\" data-start=\"3126\" data-end=\"3209\"><strong data-start=\"3126\" data-end=\"3152\">Zus\u00e4tzlicher UV-Schutz<\/strong>: UV-Lampe am Wassereingang f\u00fcr h\u00f6chste Hygienestandards.<\/p>\n<\/li>\n<\/ul>\n<h3 class=\"\" data-start=\"3211\" data-end=\"3242\">Warum dieses Modell w\u00e4hlen?<\/h3>\n<p class=\"\" data-start=\"3244\" data-end=\"3599\">Kompakt, aber leistungsstark \u2013 dieser Spender ist eine sichere und praktische L\u00f6sung zur Bereitstellung von gek\u00fchltem stillem und Sprudelwasser in stark frequentierten Bereichen.<br data-start=\"3422\" data-end=\"3425\" \/>Sein widerstandsf\u00e4higes Design, die anpassbaren Optionen und die fortschrittlichen Funktionen machen ihn zur idealen Wahl f\u00fcr Schulen, Unternehmen und \u00f6ffentliche Innenr\u00e4ume.<\/p>\n","protected":false},"excerpt":{"rendered":"<p>\u00d6ffentlicher Wasserspender f\u00fcr Innenr\u00e4ume \u2013 60\u202fL\/h gek\u00fchltes stilles und Sprudelwasser<\/p>\n","protected":false},"featured_media":3293,"comment_status":"closed","ping_status":"closed","template":"","meta":{"inline_featured_image":false},"product_brand":[],"product_cat":[75],"product_tag":[],"class_list":{"0":"post-3540","1":"product","2":"type-product","3":"status-publish","4":"has-post-thumbnail","6":"product_cat-proacqua-hang-de","8":"first","9":"instock","10":"shipping-taxable","11":"purchasable","12":"product-type-simple"},"_links":{"self":[{"href":"https:\/\/proacquagroup.com\/de\/wp-json\/wp\/v2\/product\/3540","targetHints":{"allow":["GET"]}}],"collection":[{"href":"https:\/\/proacquagroup.com\/de\/wp-json\/wp\/v2\/product"}],"about":[{"href":"https:\/\/proacquagroup.com\/de\/wp-json\/wp\/v2\/types\/product"}],"replies":[{"embeddable":true,"href":"https:\/\/proacquagroup.com\/de\/wp-json\/wp\/v2\/comments?post=3540"}],"wp:featuredmedia":[{"embeddable":true,"href":"https:\/\/proacquagroup.com\/de\/wp-json\/wp\/v2\/media\/3293"}],"wp:attachment":[{"href":"https:\/\/proacquagroup.com\/de\/wp-json\/wp\/v2\/media?parent=3540"}],"wp:term":[{"taxonomy":"product_brand","embeddable":true,"href":"https:\/\/proacquagroup.com\/de\/wp-json\/wp\/v2\/product_brand?post=3540"},{"taxonomy":"product_cat","embeddable":true,"href":"https:\/\/proacquagroup.com\/de\/wp-json\/wp\/v2\/product_cat?post=3540"},{"taxonomy":"product_tag","embeddable":true,"href":"https:\/\/proacquagroup.com\/de\/wp-json\/wp\/v2\/product_tag?post=3540"}],"curies":[{"name":"wp","href":"https:\/\/api.w.org\/{rel}","templated":true}]}}