{"id":3544,"date":"2024-12-06T09:30:18","date_gmt":"2024-12-06T09:30:18","guid":{"rendered":"https:\/\/proacquagroup.com\/hang-l-cwg\/"},"modified":"2025-04-15T14:48:58","modified_gmt":"2025-04-15T14:48:58","slug":"hang-l-gekuehltes-und-sprudelwasser","status":"publish","type":"product","link":"https:\/\/proacquagroup.com\/de\/hang-l-gekuehltes-und-sprudelwasser\/","title":{"rendered":"HANG L \u2013 Gek\u00fchltes und Sprudelwasser"},"content":{"rendered":"<p class=\"\" data-start=\"1802\" data-end=\"1896\"><strong data-start=\"1802\" data-end=\"1896\">\u00d6ffentlicher Wasserspender f\u00fcr Innenbereiche \u2013 120\u202fL\/h gek\u00fchltes stilles und Sprudelwasser<\/strong><\/p>\n<p class=\"\" data-start=\"1898\" data-end=\"2117\">Ein freistehender Wasserspender f\u00fcr \u00fcberdachte \u00f6ffentliche R\u00e4ume, mit robuster Bauweise und einfacher Installation. Vollst\u00e4ndig vormontiert im Werk \u2013 eine praktische und effiziente L\u00f6sung f\u00fcr zahlreiche Einsatzbereiche:<\/p>\n<ul data-start=\"2119\" data-end=\"2279\">\n<li class=\"\" data-start=\"2119\" data-end=\"2148\">\n<p class=\"\" data-start=\"2121\" data-end=\"2148\">Schulen und Universit\u00e4ten<\/p>\n<\/li>\n<li class=\"\" data-start=\"2149\" data-end=\"2164\">\n<p class=\"\" data-start=\"2151\" data-end=\"2164\">Superm\u00e4rkte<\/p>\n<\/li>\n<li class=\"\" data-start=\"2165\" data-end=\"2180\">\n<p class=\"\" data-start=\"2167\" data-end=\"2180\">Wohnanlagen<\/p>\n<\/li>\n<li class=\"\" data-start=\"2181\" data-end=\"2219\">\n<p class=\"\" data-start=\"2183\" data-end=\"2219\">Fitnessstudios und Einkaufszentren<\/p>\n<\/li>\n<li class=\"\" data-start=\"2220\" data-end=\"2279\">\n<p class=\"\" data-start=\"2222\" data-end=\"2279\">Gesch\u00e4fte und gro\u00dfe Unternehmen mit vielen Mitarbeitenden<\/p>\n<\/li>\n<\/ul>\n<h3 class=\"\" data-start=\"2281\" data-end=\"2300\">Hauptmerkmale<\/h3>\n<ul data-start=\"2301\" data-end=\"2830\">\n<li class=\"\" data-start=\"2301\" data-end=\"2412\">\n<p class=\"\" data-start=\"2303\" data-end=\"2412\"><strong data-start=\"2303\" data-end=\"2319\">K\u00fchlleistung<\/strong>: Gibt gek\u00fchltes stilles und Sprudelwasser bis zu 120\u202fL\/h aus (bei 20\u202f\u00b0C Zulauftemperatur).<\/p>\n<\/li>\n<li class=\"\" data-start=\"2413\" data-end=\"2511\">\n<p class=\"\" data-start=\"2415\" data-end=\"2511\"><strong data-start=\"2415\" data-end=\"2427\">Inklusiv<\/strong>: Entspricht den Vorschriften zur Barrierefreiheit f\u00fcr Menschen mit Behinderungen.<\/p>\n<\/li>\n<li class=\"\" data-start=\"2512\" data-end=\"2635\">\n<p class=\"\" data-start=\"2514\" data-end=\"2635\"><strong data-start=\"2514\" data-end=\"2550\">Sichere, programmierbare Ausgabe<\/strong>: Vandalismussichere Niederspannungstasten zur Auswahl der gew\u00fcnschten Wassersorte.<\/p>\n<\/li>\n<li class=\"\" data-start=\"2636\" data-end=\"2738\">\n<p class=\"\" data-start=\"2638\" data-end=\"2738\"><strong data-start=\"2638\" data-end=\"2664\">Ordnung und Sauberkeit<\/strong>: Integrierte Tropfschale sorgt f\u00fcr einen sauberen und sicheren Bereich.<\/p>\n<\/li>\n<li class=\"\" data-start=\"2739\" data-end=\"2830\">\n<p class=\"\" data-start=\"2741\" data-end=\"2830\"><strong data-start=\"2741\" data-end=\"2760\">H\u00f6chste Hygiene<\/strong>: UV-Bestrahlung an der Auslassd\u00fcse zur Vermeidung von R\u00fcckverkeimung.<\/p>\n<\/li>\n<\/ul>\n<h3 class=\"\" data-start=\"2832\" data-end=\"2860\">Optionale Zubeh\u00f6rteile<\/h3>\n<p class=\"\" data-start=\"2861\" data-end=\"2961\">Erweitern Sie die Funktionalit\u00e4t mit zus\u00e4tzlichen Optionen f\u00fcr mehr Sicherheit und Personalisierung:<\/p>\n<ul data-start=\"2963\" data-end=\"3149\">\n<li class=\"\" data-start=\"2963\" data-end=\"3063\">\n<p class=\"\" data-start=\"2965\" data-end=\"3063\"><strong data-start=\"2965\" data-end=\"2981\">Filtersystem<\/strong>: Mikrofiltration und Aktivkohle f\u00fcr dauerhaft reines Wasser in bester Qualit\u00e4t.<\/p>\n<\/li>\n<li class=\"\" data-start=\"3064\" data-end=\"3149\">\n<p class=\"\" data-start=\"3066\" data-end=\"3149\"><strong data-start=\"3066\" data-end=\"3092\">Zus\u00e4tzlicher UV-Schutz<\/strong>: UV-Lampe am Eingang f\u00fcr erh\u00f6hte hygienische Sicherheit.<\/p>\n<\/li>\n<\/ul>\n<h3 class=\"\" data-start=\"3151\" data-end=\"3182\">Warum dieses Modell w\u00e4hlen?<\/h3>\n<p class=\"\" data-start=\"3184\" data-end=\"3520\">Ideal f\u00fcr stark frequentierte Bereiche \u2013 dieser Wasserspender vereint Effizienz, Widerstandsf\u00e4higkeit und Hygienesicherheit.<br data-start=\"3308\" data-end=\"3311\" \/>Sein vielseitiges Design und die zahlreichen Anpassungsm\u00f6glichkeiten machen ihn zur verl\u00e4sslichen L\u00f6sung f\u00fcr die Versorgung mit gek\u00fchltem stillem und Sprudelwasser in \u00f6ffentlichen und gewerblichen Innenr\u00e4umen.<\/p>\n","protected":false},"excerpt":{"rendered":"<p>\u00d6ffentlicher Wasserspender f\u00fcr Innenbereiche \u2013 120\u202fL\/h gek\u00fchltes stilles und Sprudelwasser<\/p>\n","protected":false},"featured_media":3285,"comment_status":"closed","ping_status":"closed","template":"","meta":{"inline_featured_image":false},"product_brand":[],"product_cat":[75],"product_tag":[],"class_list":{"0":"post-3544","1":"product","2":"type-product","3":"status-publish","4":"has-post-thumbnail","6":"product_cat-proacqua-hang-de","8":"first","9":"instock","10":"shipping-taxable","11":"purchasable","12":"product-type-simple"},"_links":{"self":[{"href":"https:\/\/proacquagroup.com\/de\/wp-json\/wp\/v2\/product\/3544","targetHints":{"allow":["GET"]}}],"collection":[{"href":"https:\/\/proacquagroup.com\/de\/wp-json\/wp\/v2\/product"}],"about":[{"href":"https:\/\/proacquagroup.com\/de\/wp-json\/wp\/v2\/types\/product"}],"replies":[{"embeddable":true,"href":"https:\/\/proacquagroup.com\/de\/wp-json\/wp\/v2\/comments?post=3544"}],"wp:featuredmedia":[{"embeddable":true,"href":"https:\/\/proacquagroup.com\/de\/wp-json\/wp\/v2\/media\/3285"}],"wp:attachment":[{"href":"https:\/\/proacquagroup.com\/de\/wp-json\/wp\/v2\/media?parent=3544"}],"wp:term":[{"taxonomy":"product_brand","embeddable":true,"href":"https:\/\/proacquagroup.com\/de\/wp-json\/wp\/v2\/product_brand?post=3544"},{"taxonomy":"product_cat","embeddable":true,"href":"https:\/\/proacquagroup.com\/de\/wp-json\/wp\/v2\/product_cat?post=3544"},{"taxonomy":"product_tag","embeddable":true,"href":"https:\/\/proacquagroup.com\/de\/wp-json\/wp\/v2\/product_tag?post=3544"}],"curies":[{"name":"wp","href":"https:\/\/api.w.org\/{rel}","templated":true}]}}