{"id":3546,"date":"2024-12-06T09:28:08","date_gmt":"2024-12-06T09:28:08","guid":{"rendered":"https:\/\/proacquagroup.com\/hang-xl-ac\/"},"modified":"2025-04-15T14:52:33","modified_gmt":"2025-04-15T14:52:33","slug":"hang-xl-raumtemperiertes-und-gekuehltes-wasser","status":"publish","type":"product","link":"https:\/\/proacquagroup.com\/de\/hang-xl-raumtemperiertes-und-gekuehltes-wasser\/","title":{"rendered":"HANG XL \u2013 Raumtemperiertes und gek\u00fchltes Wasser"},"content":{"rendered":"<p class=\"\" data-start=\"1865\" data-end=\"1966\"><strong data-start=\"1865\" data-end=\"1966\">\u00d6ffentlicher Wasserspender f\u00fcr Innenbereiche \u2013 180\u202fL\/h stilles Wasser, raumtemperiert und gek\u00fchlt<\/strong><\/p>\n<p class=\"\" data-start=\"1968\" data-end=\"2230\">Dieser freistehende Wasserspender ist f\u00fcr \u00fcberdachte \u00f6ffentliche R\u00e4ume konzipiert, mit robuster Struktur und funktionalem Design.<br data-start=\"2097\" data-end=\"2100\" \/>Er wird komplett im Werk gefertigt und l\u00e4sst sich einfach transportieren und installieren \u2013 ideal f\u00fcr vielf\u00e4ltige Einsatzbereiche:<\/p>\n<ul data-start=\"2232\" data-end=\"2392\">\n<li class=\"\" data-start=\"2232\" data-end=\"2261\">\n<p class=\"\" data-start=\"2234\" data-end=\"2261\">Schulen und Universit\u00e4ten<\/p>\n<\/li>\n<li class=\"\" data-start=\"2262\" data-end=\"2277\">\n<p class=\"\" data-start=\"2264\" data-end=\"2277\">Superm\u00e4rkte<\/p>\n<\/li>\n<li class=\"\" data-start=\"2278\" data-end=\"2293\">\n<p class=\"\" data-start=\"2280\" data-end=\"2293\">Wohnanlagen<\/p>\n<\/li>\n<li class=\"\" data-start=\"2294\" data-end=\"2332\">\n<p class=\"\" data-start=\"2296\" data-end=\"2332\">Fitnessstudios und Einkaufszentren<\/p>\n<\/li>\n<li class=\"\" data-start=\"2333\" data-end=\"2392\">\n<p class=\"\" data-start=\"2335\" data-end=\"2392\">Gesch\u00e4fte und gro\u00dfe Unternehmen mit vielen Mitarbeitenden<\/p>\n<\/li>\n<\/ul>\n<h3 class=\"\" data-start=\"2394\" data-end=\"2413\">Hauptmerkmale<\/h3>\n<ul data-start=\"2414\" data-end=\"3031\">\n<li class=\"\" data-start=\"2414\" data-end=\"2563\">\n<p class=\"\" data-start=\"2416\" data-end=\"2563\"><strong data-start=\"2416\" data-end=\"2433\">Hohe Leistung<\/strong>: Gibt stilles Wasser bei Raumtemperatur und gek\u00fchlt mit einer K\u00fchlleistung von bis zu 180\u202fL\/h aus (bei 20\u202f\u00b0C Zulauftemperatur).<\/p>\n<\/li>\n<li class=\"\" data-start=\"2564\" data-end=\"2692\">\n<p class=\"\" data-start=\"2566\" data-end=\"2692\"><strong data-start=\"2566\" data-end=\"2596\">Zertifizierte Inklusivit\u00e4t<\/strong>: Entspricht vollst\u00e4ndig den Vorschriften zur Barrierefreiheit f\u00fcr Menschen mit Behinderungen.<\/p>\n<\/li>\n<li class=\"\" data-start=\"2693\" data-end=\"2818\">\n<p class=\"\" data-start=\"2695\" data-end=\"2818\"><strong data-start=\"2695\" data-end=\"2733\">Sichere, programmierbare Steuerung<\/strong>: Vandalismussichere Niederspannungstasten zur Auswahl der gew\u00fcnschten Wassersorte.<\/p>\n<\/li>\n<li class=\"\" data-start=\"2819\" data-end=\"2911\">\n<p class=\"\" data-start=\"2821\" data-end=\"2911\"><strong data-start=\"2821\" data-end=\"2848\">Ordentliche Ausgabezone<\/strong>: Integrierte Tropfschale h\u00e4lt den Bereich sauber und sicher.<\/p>\n<\/li>\n<li class=\"\" data-start=\"2912\" data-end=\"3031\">\n<p class=\"\" data-start=\"2914\" data-end=\"3031\"><strong data-start=\"2914\" data-end=\"2934\">Maximale Hygiene<\/strong>: UV-Bestrahlung an der Auslassd\u00fcse verhindert R\u00fcckverkeimung und sorgt f\u00fcr sicheres Trinkwasser.<\/p>\n<\/li>\n<\/ul>\n<h3 class=\"\" data-start=\"3033\" data-end=\"3061\">Optionale Zubeh\u00f6rteile<\/h3>\n<p class=\"\" data-start=\"3062\" data-end=\"3121\">Erweitern Sie die Funktionalit\u00e4t mit zus\u00e4tzlichen Optionen:<\/p>\n<ul data-start=\"3123\" data-end=\"3311\">\n<li class=\"\" data-start=\"3123\" data-end=\"3224\">\n<p class=\"\" data-start=\"3125\" data-end=\"3224\"><strong data-start=\"3125\" data-end=\"3150\">Erweiterte Filtration<\/strong>: System mit Mikrofiltration und Aktivkohle f\u00fcr optimale Wasserqualit\u00e4t.<\/p>\n<\/li>\n<li class=\"\" data-start=\"3225\" data-end=\"3311\">\n<p class=\"\" data-start=\"3227\" data-end=\"3311\"><strong data-start=\"3227\" data-end=\"3253\">Zus\u00e4tzlicher UV-Schutz<\/strong>: UV-Lampe am Wassereingang f\u00fcr h\u00f6chste Hygienesicherheit.<\/p>\n<\/li>\n<\/ul>\n<h3 class=\"\" data-start=\"3313\" data-end=\"3344\">Warum dieses Modell w\u00e4hlen?<\/h3>\n<p class=\"\" data-start=\"3346\" data-end=\"3638\">Dank seiner hohen Ausgabeleistung sowie der erweiterten Hygiene- und Sicherheitsfunktionen ist dieser Spender ideal f\u00fcr stark frequentierte Bereiche.<br data-start=\"3495\" data-end=\"3498\" \/>Die Kombination aus Benutzerfreundlichkeit, Robustheit und Anpassungsf\u00e4higkeit macht ihn zur perfekten L\u00f6sung f\u00fcr jede Trinkwassersituation.<\/p>\n","protected":false},"excerpt":{"rendered":"<p>\u00d6ffentlicher Wasserspender f\u00fcr Innenbereiche \u2013 180\u202fL\/h stilles Wasser, raumtemperiert und gek\u00fchlt<\/p>\n","protected":false},"featured_media":3281,"comment_status":"closed","ping_status":"closed","template":"","meta":{"inline_featured_image":false},"product_brand":[],"product_cat":[75],"product_tag":[],"class_list":{"0":"post-3546","1":"product","2":"type-product","3":"status-publish","4":"has-post-thumbnail","6":"product_cat-proacqua-hang-de","8":"first","9":"instock","10":"shipping-taxable","11":"purchasable","12":"product-type-simple"},"_links":{"self":[{"href":"https:\/\/proacquagroup.com\/de\/wp-json\/wp\/v2\/product\/3546","targetHints":{"allow":["GET"]}}],"collection":[{"href":"https:\/\/proacquagroup.com\/de\/wp-json\/wp\/v2\/product"}],"about":[{"href":"https:\/\/proacquagroup.com\/de\/wp-json\/wp\/v2\/types\/product"}],"replies":[{"embeddable":true,"href":"https:\/\/proacquagroup.com\/de\/wp-json\/wp\/v2\/comments?post=3546"}],"wp:featuredmedia":[{"embeddable":true,"href":"https:\/\/proacquagroup.com\/de\/wp-json\/wp\/v2\/media\/3281"}],"wp:attachment":[{"href":"https:\/\/proacquagroup.com\/de\/wp-json\/wp\/v2\/media?parent=3546"}],"wp:term":[{"taxonomy":"product_brand","embeddable":true,"href":"https:\/\/proacquagroup.com\/de\/wp-json\/wp\/v2\/product_brand?post=3546"},{"taxonomy":"product_cat","embeddable":true,"href":"https:\/\/proacquagroup.com\/de\/wp-json\/wp\/v2\/product_cat?post=3546"},{"taxonomy":"product_tag","embeddable":true,"href":"https:\/\/proacquagroup.com\/de\/wp-json\/wp\/v2\/product_tag?post=3546"}],"curies":[{"name":"wp","href":"https:\/\/api.w.org\/{rel}","templated":true}]}}