{"id":3550,"date":"2024-12-06T09:23:34","date_gmt":"2024-12-06T09:23:34","guid":{"rendered":"https:\/\/proacquagroup.com\/cool-l-ac\/"},"modified":"2025-04-15T14:57:22","modified_gmt":"2025-04-15T14:57:22","slug":"cool-l-raumtemperiertes-und-gekuehltes-wasser","status":"publish","type":"product","link":"https:\/\/proacquagroup.com\/de\/cool-l-raumtemperiertes-und-gekuehltes-wasser\/","title":{"rendered":"COOL L \u2013 Raumtemperiertes und gek\u00fchltes Wasser"},"content":{"rendered":"","protected":false},"excerpt":{"rendered":"<p>\u00d6ffentlicher Wasserspender f\u00fcr Innenbereiche \u2013 120\u202fL\/h nur stilles Wasser<\/p>\n","protected":false},"featured_media":3271,"comment_status":"closed","ping_status":"closed","template":"","meta":{"inline_featured_image":false},"product_brand":[],"product_cat":[71],"product_tag":[],"class_list":{"0":"post-3550","1":"product","2":"type-product","3":"status-publish","4":"has-post-thumbnail","6":"product_cat-proacqua-cool-de","8":"first","9":"instock","10":"shipping-taxable","11":"purchasable","12":"product-type-simple"},"_links":{"self":[{"href":"https:\/\/proacquagroup.com\/de\/wp-json\/wp\/v2\/product\/3550","targetHints":{"allow":["GET"]}}],"collection":[{"href":"https:\/\/proacquagroup.com\/de\/wp-json\/wp\/v2\/product"}],"about":[{"href":"https:\/\/proacquagroup.com\/de\/wp-json\/wp\/v2\/types\/product"}],"replies":[{"embeddable":true,"href":"https:\/\/proacquagroup.com\/de\/wp-json\/wp\/v2\/comments?post=3550"}],"wp:featuredmedia":[{"embeddable":true,"href":"https:\/\/proacquagroup.com\/de\/wp-json\/wp\/v2\/media\/3271"}],"wp:attachment":[{"href":"https:\/\/proacquagroup.com\/de\/wp-json\/wp\/v2\/media?parent=3550"}],"wp:term":[{"taxonomy":"product_brand","embeddable":true,"href":"https:\/\/proacquagroup.com\/de\/wp-json\/wp\/v2\/product_brand?post=3550"},{"taxonomy":"product_cat","embeddable":true,"href":"https:\/\/proacquagroup.com\/de\/wp-json\/wp\/v2\/product_cat?post=3550"},{"taxonomy":"product_tag","embeddable":true,"href":"https:\/\/proacquagroup.com\/de\/wp-json\/wp\/v2\/product_tag?post=3550"}],"curies":[{"name":"wp","href":"https:\/\/api.w.org\/{rel}","templated":true}]}}