{"id":3554,"date":"2024-12-06T09:18:33","date_gmt":"2024-12-06T09:18:33","guid":{"rendered":"https:\/\/proacquagroup.com\/cool-xl-ac\/"},"modified":"2025-04-15T15:02:26","modified_gmt":"2025-04-15T15:02:26","slug":"cool-xl-raumtemperiertes-und-gekuehltes-wasser","status":"publish","type":"product","link":"https:\/\/proacquagroup.com\/de\/cool-xl-raumtemperiertes-und-gekuehltes-wasser\/","title":{"rendered":"COOL XL \u2013 Raumtemperiertes und gek\u00fchltes Wasser"},"content":{"rendered":"<p class=\"\" data-start=\"2349\" data-end=\"2450\"><strong data-start=\"2349\" data-end=\"2450\">\u00d6ffentlicher Wasserspender f\u00fcr Innenbereiche \u2013 180\u202fL\/h stilles Wasser, raumtemperiert und gek\u00fchlt<\/strong><\/p>\n<p class=\"\" data-start=\"2452\" data-end=\"2743\">Ein freistehender Wasserspender f\u00fcr \u00fcberdachte \u00f6ffentliche R\u00e4ume, vollst\u00e4ndig aus Edelstahl gefertigt \u2013 f\u00fcr maximale Widerstandsf\u00e4higkeit und lange Lebensdauer.<br data-start=\"2612\" data-end=\"2615\" \/>Vormontiert im Werk, l\u00e4sst sich dieses Ger\u00e4t einfach transportieren und installieren \u2013 ideal f\u00fcr verschiedenste Einsatzbereiche:<\/p>\n<ul data-start=\"2745\" data-end=\"2938\">\n<li class=\"\" data-start=\"2745\" data-end=\"2774\">\n<p class=\"\" data-start=\"2747\" data-end=\"2774\">Schulen und Universit\u00e4ten<\/p>\n<\/li>\n<li class=\"\" data-start=\"2775\" data-end=\"2809\">\n<p class=\"\" data-start=\"2777\" data-end=\"2809\">Flugh\u00e4fen und U-Bahn-Stationen<\/p>\n<\/li>\n<li class=\"\" data-start=\"2810\" data-end=\"2853\">\n<p class=\"\" data-start=\"2812\" data-end=\"2853\">Wohngeb\u00e4ude mit mindestens 10 Einheiten<\/p>\n<\/li>\n<li class=\"\" data-start=\"2854\" data-end=\"2892\">\n<p class=\"\" data-start=\"2856\" data-end=\"2892\">Fitnessstudios und Einkaufszentren<\/p>\n<\/li>\n<li class=\"\" data-start=\"2893\" data-end=\"2938\">\n<p class=\"\" data-start=\"2895\" data-end=\"2938\">Gro\u00dfe Unternehmen mit vielen Mitarbeitenden<\/p>\n<\/li>\n<\/ul>\n<h3 class=\"\" data-start=\"2940\" data-end=\"2959\">Hauptmerkmale<\/h3>\n<ul data-start=\"2960\" data-end=\"3712\">\n<li class=\"\" data-start=\"2960\" data-end=\"3104\">\n<p class=\"\" data-start=\"2962\" data-end=\"3104\"><strong data-start=\"2962\" data-end=\"2975\">Kapazit\u00e4t<\/strong>: Gibt stilles Wasser bei Raumtemperatur und gek\u00fchlt mit einer K\u00fchlleistung von bis zu 60\u202fL\/h aus (bei 20\u202f\u00b0C Zulauftemperatur).<\/p>\n<\/li>\n<li class=\"\" data-start=\"3105\" data-end=\"3199\">\n<p class=\"\" data-start=\"3107\" data-end=\"3199\"><strong data-start=\"3107\" data-end=\"3123\">Barrierefrei<\/strong>: Vollst\u00e4ndig konform mit den Vorschriften f\u00fcr Menschen mit Behinderungen.<\/p>\n<\/li>\n<li class=\"\" data-start=\"3200\" data-end=\"3295\">\n<p class=\"\" data-start=\"3202\" data-end=\"3295\"><strong data-start=\"3202\" data-end=\"3212\">Robust<\/strong>: Vandalismussicheres Design ohne hervorstehende oder leicht besch\u00e4digbare Teile.<\/p>\n<\/li>\n<li class=\"\" data-start=\"3296\" data-end=\"3400\">\n<p class=\"\" data-start=\"3298\" data-end=\"3400\"><strong data-start=\"3298\" data-end=\"3320\">Bedienerfreundlich<\/strong>: Vandalensichere Niederspannungstasten zur Auswahl von Menge und Wassersorte.<\/p>\n<\/li>\n<li class=\"\" data-start=\"3401\" data-end=\"3530\">\n<p class=\"\" data-start=\"3403\" data-end=\"3530\"><strong data-start=\"3403\" data-end=\"3424\">Sauber und sicher<\/strong>: Tropfschale direkt an den Abfluss angeschlossen \u2013 vermeidet \u00dcberschwemmungen und Eisbildung im Winter.<\/p>\n<\/li>\n<li class=\"\" data-start=\"3531\" data-end=\"3627\">\n<p class=\"\" data-start=\"3533\" data-end=\"3627\"><strong data-start=\"3533\" data-end=\"3560\">Integrierte Technologie<\/strong>: Fortschrittliche Software zur Erfassung von Ausgabestatistiken.<\/p>\n<\/li>\n<li class=\"\" data-start=\"3628\" data-end=\"3712\">\n<p class=\"\" data-start=\"3630\" data-end=\"3712\"><strong data-start=\"3630\" data-end=\"3652\">Hygiene garantiert<\/strong>: UV-Lampe an der Auslassd\u00fcse zum Schutz vor R\u00fcckverkeimung.<\/p>\n<\/li>\n<\/ul>\n<h3 class=\"\" data-start=\"3714\" data-end=\"3740\">Optionale Zubeh\u00f6rteile<\/h3>\n<p class=\"\" data-start=\"3742\" data-end=\"3769\"><strong data-start=\"3742\" data-end=\"3767\">Verwaltung und Schutz<\/strong><\/p>\n<ul data-start=\"3770\" data-end=\"3938\">\n<li class=\"\" data-start=\"3770\" data-end=\"3823\">\n<p class=\"\" data-start=\"3772\" data-end=\"3823\"><strong data-start=\"3772\" data-end=\"3788\">Filtersystem<\/strong>: Mikrofiltration und Aktivkohle.<\/p>\n<\/li>\n<li class=\"\" data-start=\"3824\" data-end=\"3876\">\n<p class=\"\" data-start=\"3826\" data-end=\"3876\"><strong data-start=\"3826\" data-end=\"3852\">Zus\u00e4tzlicher UV-Schutz<\/strong>: UV-Lampe am Eingang.<\/p>\n<\/li>\n<li class=\"\" data-start=\"3877\" data-end=\"3938\">\n<p class=\"\" data-start=\"3879\" data-end=\"3938\"><strong data-start=\"3879\" data-end=\"3898\">Innenisolierung<\/strong>: Schutz vor Frost in kalten Umgebungen.<\/p>\n<\/li>\n<\/ul>\n<p class=\"\" data-start=\"3940\" data-end=\"3959\"><strong data-start=\"3940\" data-end=\"3957\">Konnektivit\u00e4t<\/strong><\/p>\n<ul data-start=\"3960\" data-end=\"4119\">\n<li class=\"\" data-start=\"3960\" data-end=\"4022\">\n<p class=\"\" data-start=\"3962\" data-end=\"4022\"><strong data-start=\"3962\" data-end=\"3981\">Fern\u00fcberwachung<\/strong>: 3G-System f\u00fcr Diagnose und Steuerung.<\/p>\n<\/li>\n<li class=\"\" data-start=\"4023\" data-end=\"4119\">\n<p class=\"\" data-start=\"4025\" data-end=\"4119\"><strong data-start=\"4025\" data-end=\"4040\">Datenzugang<\/strong>: WLAN-System zur Daten\u00fcbertragung an FTP-Server und Online-Berichtserstellung.<\/p>\n<\/li>\n<\/ul>\n<p class=\"\" data-start=\"4121\" data-end=\"4142\"><strong data-start=\"4121\" data-end=\"4140\">Zahlungssysteme<\/strong><\/p>\n<ul data-start=\"4143\" data-end=\"4216\">\n<li class=\"\" data-start=\"4143\" data-end=\"4157\">\n<p class=\"\" data-start=\"4145\" data-end=\"4157\">RFID-Karte<\/p>\n<\/li>\n<li class=\"\" data-start=\"4158\" data-end=\"4173\">\n<p class=\"\" data-start=\"4160\" data-end=\"4173\">M\u00fcnzeinwurf<\/p>\n<\/li>\n<li class=\"\" data-start=\"4174\" data-end=\"4188\">\n<p class=\"\" data-start=\"4176\" data-end=\"4188\">Smartphone<\/p>\n<\/li>\n<li class=\"\" data-start=\"4189\" data-end=\"4202\">\n<p class=\"\" data-start=\"4191\" data-end=\"4202\">Banknoten<\/p>\n<\/li>\n<li class=\"\" data-start=\"4203\" data-end=\"4216\">\n<p class=\"\" data-start=\"4205\" data-end=\"4216\">Kreditkarte<\/p>\n<\/li>\n<\/ul>\n<h3 class=\"\" data-start=\"4218\" data-end=\"4256\">Warum diesen Wasserspender w\u00e4hlen?<\/h3>\n<p class=\"\" data-start=\"4258\" data-end=\"4509\">Dieses Modell vereint moderne Technologie, Benutzerfreundlichkeit und ein widerstandsf\u00e4higes Design \u2013 ideal f\u00fcr stark frequentierte Bereiche.<br data-start=\"4399\" data-end=\"4402\" \/>Eine vielseitige L\u00f6sung zur Ausgabe von frischem und raumtemperiertem Wasser \u2013 stets hygienisch und sicher.<\/p>\n","protected":false},"excerpt":{"rendered":"<p>\u00d6ffentlicher Wasserspender f\u00fcr Innenbereiche \u2013 180\u202fL\/h stilles Wasser, raumtemperiert und gek\u00fchlt<\/p>\n","protected":false},"featured_media":3257,"comment_status":"closed","ping_status":"closed","template":"","meta":{"inline_featured_image":false},"product_brand":[],"product_cat":[71],"product_tag":[],"class_list":{"0":"post-3554","1":"product","2":"type-product","3":"status-publish","4":"has-post-thumbnail","6":"product_cat-proacqua-cool-de","8":"first","9":"instock","10":"shipping-taxable","11":"purchasable","12":"product-type-simple"},"_links":{"self":[{"href":"https:\/\/proacquagroup.com\/de\/wp-json\/wp\/v2\/product\/3554","targetHints":{"allow":["GET"]}}],"collection":[{"href":"https:\/\/proacquagroup.com\/de\/wp-json\/wp\/v2\/product"}],"about":[{"href":"https:\/\/proacquagroup.com\/de\/wp-json\/wp\/v2\/types\/product"}],"replies":[{"embeddable":true,"href":"https:\/\/proacquagroup.com\/de\/wp-json\/wp\/v2\/comments?post=3554"}],"wp:featuredmedia":[{"embeddable":true,"href":"https:\/\/proacquagroup.com\/de\/wp-json\/wp\/v2\/media\/3257"}],"wp:attachment":[{"href":"https:\/\/proacquagroup.com\/de\/wp-json\/wp\/v2\/media?parent=3554"}],"wp:term":[{"taxonomy":"product_brand","embeddable":true,"href":"https:\/\/proacquagroup.com\/de\/wp-json\/wp\/v2\/product_brand?post=3554"},{"taxonomy":"product_cat","embeddable":true,"href":"https:\/\/proacquagroup.com\/de\/wp-json\/wp\/v2\/product_cat?post=3554"},{"taxonomy":"product_tag","embeddable":true,"href":"https:\/\/proacquagroup.com\/de\/wp-json\/wp\/v2\/product_tag?post=3554"}],"curies":[{"name":"wp","href":"https:\/\/api.w.org\/{rel}","templated":true}]}}