{"id":3556,"date":"2024-12-06T09:15:18","date_gmt":"2024-12-06T09:15:18","guid":{"rendered":"https:\/\/proacquagroup.com\/cool-xl-cwg\/"},"modified":"2025-04-15T15:04:45","modified_gmt":"2025-04-15T15:04:45","slug":"cool-xl-gekuehltes-und-sprudelwasser","status":"publish","type":"product","link":"https:\/\/proacquagroup.com\/de\/cool-xl-gekuehltes-und-sprudelwasser\/","title":{"rendered":"COOL XL \u2013 Gek\u00fchltes und Sprudelwasser"},"content":{"rendered":"<p class=\"\" data-start=\"2142\" data-end=\"2236\"><strong data-start=\"2142\" data-end=\"2236\">\u00d6ffentlicher Wasserspender f\u00fcr Innenbereiche \u2013 180\u202fL\/h gek\u00fchltes stilles und Sprudelwasser<\/strong><\/p>\n<p class=\"\" data-start=\"2238\" data-end=\"2500\">Ein freistehender Wasserspender f\u00fcr \u00fcberdachte \u00f6ffentliche Bereiche, komplett aus Edelstahl gefertigt \u2013 mit modernem und robustem Design.<br data-start=\"2375\" data-end=\"2378\" \/>Vormontiert im Werk, l\u00e4sst sich das Ger\u00e4t leicht transportieren und installieren \u2013 ideal f\u00fcr verschiedene Einsatzbereiche:<\/p>\n<ul data-start=\"2502\" data-end=\"2695\">\n<li class=\"\" data-start=\"2502\" data-end=\"2531\">\n<p class=\"\" data-start=\"2504\" data-end=\"2531\">Schulen und Universit\u00e4ten<\/p>\n<\/li>\n<li class=\"\" data-start=\"2532\" data-end=\"2566\">\n<p class=\"\" data-start=\"2534\" data-end=\"2566\">Flugh\u00e4fen und U-Bahn-Stationen<\/p>\n<\/li>\n<li class=\"\" data-start=\"2567\" data-end=\"2610\">\n<p class=\"\" data-start=\"2569\" data-end=\"2610\">Wohngeb\u00e4ude mit mindestens 10 Einheiten<\/p>\n<\/li>\n<li class=\"\" data-start=\"2611\" data-end=\"2649\">\n<p class=\"\" data-start=\"2613\" data-end=\"2649\">Fitnessstudios und Einkaufszentren<\/p>\n<\/li>\n<li class=\"\" data-start=\"2650\" data-end=\"2695\">\n<p class=\"\" data-start=\"2652\" data-end=\"2695\">Gro\u00dfe Unternehmen mit vielen Mitarbeitenden<\/p>\n<\/li>\n<\/ul>\n<h3 class=\"\" data-start=\"2697\" data-end=\"2716\">Hauptmerkmale<\/h3>\n<ul data-start=\"2717\" data-end=\"3396\">\n<li class=\"\" data-start=\"2717\" data-end=\"2824\">\n<p class=\"\" data-start=\"2719\" data-end=\"2824\"><strong data-start=\"2719\" data-end=\"2732\">Kapazit\u00e4t<\/strong>: Gibt gek\u00fchltes stilles und Sprudelwasser bis zu 60\u202fL\/h aus (bei 20\u202f\u00b0C Zulauftemperatur).<\/p>\n<\/li>\n<li class=\"\" data-start=\"2825\" data-end=\"2918\">\n<p class=\"\" data-start=\"2827\" data-end=\"2918\"><strong data-start=\"2827\" data-end=\"2843\">Barrierefrei<\/strong>: Entspricht vollst\u00e4ndig den Vorschriften f\u00fcr Menschen mit Behinderungen.<\/p>\n<\/li>\n<li class=\"\" data-start=\"2919\" data-end=\"3027\">\n<p class=\"\" data-start=\"2921\" data-end=\"3027\"><strong data-start=\"2921\" data-end=\"2941\">Widerstandsf\u00e4hig<\/strong>: Vandalismussicheres Design ohne hervorstehende oder leicht besch\u00e4digbare Elemente.<\/p>\n<\/li>\n<li class=\"\" data-start=\"3028\" data-end=\"3129\">\n<p class=\"\" data-start=\"3030\" data-end=\"3129\"><strong data-start=\"3030\" data-end=\"3042\">Intuitiv<\/strong>: Vandalismussichere Niederspannungstasten, programmierbar f\u00fcr Menge und Wassersorte.<\/p>\n<\/li>\n<li class=\"\" data-start=\"3130\" data-end=\"3247\">\n<p class=\"\" data-start=\"3132\" data-end=\"3247\"><strong data-start=\"3132\" data-end=\"3153\">Sauber und sicher<\/strong>: Tropfschale direkt am Abfluss angeschlossen \u2013 vermeidet \u00dcberlauf und Eisbildung im Winter.<\/p>\n<\/li>\n<li class=\"\" data-start=\"3248\" data-end=\"3323\">\n<p class=\"\" data-start=\"3250\" data-end=\"3323\"><strong data-start=\"3250\" data-end=\"3273\">Moderne Technologie<\/strong>: Software zur Erfassung von Ausgabestatistiken.<\/p>\n<\/li>\n<li class=\"\" data-start=\"3324\" data-end=\"3396\">\n<p class=\"\" data-start=\"3326\" data-end=\"3396\"><strong data-start=\"3326\" data-end=\"3340\">Hygienisch<\/strong>: UV-Lampe am Auslass zur Vermeidung von R\u00fcckverkeimung.<\/p>\n<\/li>\n<\/ul>\n<h3 class=\"\" data-start=\"3398\" data-end=\"3424\">Optionale Zubeh\u00f6rteile<\/h3>\n<p class=\"\" data-start=\"3426\" data-end=\"3451\"><strong data-start=\"3426\" data-end=\"3449\">Verwaltung &amp; Schutz<\/strong><\/p>\n<ul data-start=\"3452\" data-end=\"3635\">\n<li class=\"\" data-start=\"3452\" data-end=\"3503\">\n<p class=\"\" data-start=\"3454\" data-end=\"3503\"><strong data-start=\"3454\" data-end=\"3468\">Filtration<\/strong>: Mikrofiltration und Aktivkohle.<\/p>\n<\/li>\n<li class=\"\" data-start=\"3504\" data-end=\"3576\">\n<p class=\"\" data-start=\"3506\" data-end=\"3576\"><strong data-start=\"3506\" data-end=\"3528\">Erweiterte Hygiene<\/strong>: UV-Lampe am Eingang f\u00fcr zus\u00e4tzlichen Schutz.<\/p>\n<\/li>\n<li class=\"\" data-start=\"3577\" data-end=\"3635\">\n<p class=\"\" data-start=\"3579\" data-end=\"3635\"><strong data-start=\"3579\" data-end=\"3593\">Isolierung<\/strong>: Schutz gegen Frost in kalten Umgebungen.<\/p>\n<\/li>\n<\/ul>\n<p class=\"\" data-start=\"3637\" data-end=\"3656\"><strong data-start=\"3637\" data-end=\"3654\">Konnektivit\u00e4t<\/strong><\/p>\n<ul data-start=\"3657\" data-end=\"3772\">\n<li class=\"\" data-start=\"3657\" data-end=\"3709\">\n<p class=\"\" data-start=\"3659\" data-end=\"3709\"><strong data-start=\"3659\" data-end=\"3678\">Fern\u00fcberwachung<\/strong>: 3G-System zur Ferndiagnose.<\/p>\n<\/li>\n<li class=\"\" data-start=\"3710\" data-end=\"3772\">\n<p class=\"\" data-start=\"3712\" data-end=\"3772\"><strong data-start=\"3712\" data-end=\"3725\">Reporting<\/strong>: Webzugang oder FTP-Daten\u00fcbertragung via WLAN.<\/p>\n<\/li>\n<\/ul>\n<p class=\"\" data-start=\"3774\" data-end=\"3807\"><strong data-start=\"3774\" data-end=\"3805\">Integrierte Zahlungssysteme<\/strong><\/p>\n<ul data-start=\"3808\" data-end=\"3882\">\n<li class=\"\" data-start=\"3808\" data-end=\"3823\">\n<p class=\"\" data-start=\"3810\" data-end=\"3823\">RFID-Karten<\/p>\n<\/li>\n<li class=\"\" data-start=\"3824\" data-end=\"3839\">\n<p class=\"\" data-start=\"3826\" data-end=\"3839\">M\u00fcnzeinwurf<\/p>\n<\/li>\n<li class=\"\" data-start=\"3840\" data-end=\"3854\">\n<p class=\"\" data-start=\"3842\" data-end=\"3854\">Smartphone<\/p>\n<\/li>\n<li class=\"\" data-start=\"3855\" data-end=\"3868\">\n<p class=\"\" data-start=\"3857\" data-end=\"3868\">Banknoten<\/p>\n<\/li>\n<li class=\"\" data-start=\"3869\" data-end=\"3882\">\n<p class=\"\" data-start=\"3871\" data-end=\"3882\">Kreditkarte<\/p>\n<\/li>\n<\/ul>\n<p class=\"\" data-start=\"3884\" data-end=\"4108\">Dieser Wasserspender vereint Technologie, Benutzerfreundlichkeit und Widerstandsf\u00e4higkeit \u2013 ideal f\u00fcr stark frequentierte \u00f6ffentliche oder private R\u00e4ume.<br data-start=\"4037\" data-end=\"4040\" \/>Eine vielseitige und individuell anpassbare L\u00f6sung f\u00fcr jeden Bedarf.<\/p>\n","protected":false},"excerpt":{"rendered":"<p>\u00d6ffentlicher Wasserspender f\u00fcr Innenbereiche \u2013 180\u202fL\/h gek\u00fchltes stilles und Sprudelwasser<\/p>\n","protected":false},"featured_media":3241,"comment_status":"closed","ping_status":"closed","template":"","meta":{"inline_featured_image":false},"product_brand":[],"product_cat":[71],"product_tag":[],"class_list":{"0":"post-3556","1":"product","2":"type-product","3":"status-publish","4":"has-post-thumbnail","6":"product_cat-proacqua-cool-de","8":"first","9":"instock","10":"shipping-taxable","11":"purchasable","12":"product-type-simple"},"_links":{"self":[{"href":"https:\/\/proacquagroup.com\/de\/wp-json\/wp\/v2\/product\/3556","targetHints":{"allow":["GET"]}}],"collection":[{"href":"https:\/\/proacquagroup.com\/de\/wp-json\/wp\/v2\/product"}],"about":[{"href":"https:\/\/proacquagroup.com\/de\/wp-json\/wp\/v2\/types\/product"}],"replies":[{"embeddable":true,"href":"https:\/\/proacquagroup.com\/de\/wp-json\/wp\/v2\/comments?post=3556"}],"wp:featuredmedia":[{"embeddable":true,"href":"https:\/\/proacquagroup.com\/de\/wp-json\/wp\/v2\/media\/3241"}],"wp:attachment":[{"href":"https:\/\/proacquagroup.com\/de\/wp-json\/wp\/v2\/media?parent=3556"}],"wp:term":[{"taxonomy":"product_brand","embeddable":true,"href":"https:\/\/proacquagroup.com\/de\/wp-json\/wp\/v2\/product_brand?post=3556"},{"taxonomy":"product_cat","embeddable":true,"href":"https:\/\/proacquagroup.com\/de\/wp-json\/wp\/v2\/product_cat?post=3556"},{"taxonomy":"product_tag","embeddable":true,"href":"https:\/\/proacquagroup.com\/de\/wp-json\/wp\/v2\/product_tag?post=3556"}],"curies":[{"name":"wp","href":"https:\/\/api.w.org\/{rel}","templated":true}]}}