{"id":3558,"date":"2024-09-24T07:35:23","date_gmt":"2024-09-24T07:35:23","guid":{"rendered":"https:\/\/proacquagroup.com\/acquamat-xl-ac\/"},"modified":"2025-04-15T15:06:00","modified_gmt":"2025-04-15T15:06:00","slug":"acquamat-xl-ac","status":"publish","type":"product","link":"https:\/\/proacquagroup.com\/de\/acquamat-xl-ac\/","title":{"rendered":"ACQUAMAT XL \u2013 Raumtemperiertes und gek\u00fchltes Wasser"},"content":{"rendered":"<p class=\"\" data-start=\"1717\" data-end=\"1795\"><strong data-start=\"1717\" data-end=\"1795\">Einbau-Wasserspender f\u00fcr \u00f6ffentliche Bereiche \u2013 180\u202fL\/h nur stilles Wasser<\/strong><\/p>\n<p class=\"\" data-start=\"1797\" data-end=\"2178\">Der ACQUAMAT XL ist ein Einbau-Wasserspender f\u00fcr \u00f6ffentliche Au\u00dfenbereiche, ideal f\u00fcr Pl\u00e4tze, Stra\u00dfen, Campingpl\u00e4tze, Parks, Bahnh\u00f6fe und Universit\u00e4tsgel\u00e4nde.<br data-start=\"1955\" data-end=\"1958\" \/>Vollst\u00e4ndig aus Edelstahl gefertigt, ist er einfach zu transportieren und zu installieren. Er gibt stilles Wasser bei Raumtemperatur und gek\u00fchlt mit einer K\u00fchlleistung von bis zu 180\u202fL\/h aus (bei 20\u202f\u00b0C Zulauftemperatur).<\/p>\n<h3 class=\"\" data-start=\"2180\" data-end=\"2198\">Hauptmerkmale:<\/h3>\n<ul data-start=\"2199\" data-end=\"2650\">\n<li class=\"\" data-start=\"2199\" data-end=\"2314\">\n<p class=\"\" data-start=\"2201\" data-end=\"2314\"><strong data-start=\"2201\" data-end=\"2224\">Ausgabe \u00fcber Tasten<\/strong>: Niederspannungstasten, vandalismussicher und programmierbar f\u00fcr Menge und Wassersorte.<\/p>\n<\/li>\n<li class=\"\" data-start=\"2315\" data-end=\"2383\">\n<p class=\"\" data-start=\"2317\" data-end=\"2383\"><strong data-start=\"2317\" data-end=\"2334\">Abstellfl\u00e4che<\/strong>: F\u00fcr das Bef\u00fcllen oder Abstellen von Flaschen.<\/p>\n<\/li>\n<li class=\"\" data-start=\"2384\" data-end=\"2514\">\n<p class=\"\" data-start=\"2386\" data-end=\"2514\"><strong data-start=\"2386\" data-end=\"2401\">Tropfschale<\/strong>: Direkt an den Abfluss angeschlossen \u2013 verhindert \u00dcberlauf, besonders im Winter zur Vermeidung von Eisbildung.<\/p>\n<\/li>\n<li class=\"\" data-start=\"2515\" data-end=\"2583\">\n<p class=\"\" data-start=\"2517\" data-end=\"2583\"><strong data-start=\"2517\" data-end=\"2541\">Integrierte Software<\/strong>: Zur Erstellung von Ausgabestatistiken.<\/p>\n<\/li>\n<li class=\"\" data-start=\"2584\" data-end=\"2650\">\n<p class=\"\" data-start=\"2586\" data-end=\"2650\"><strong data-start=\"2586\" data-end=\"2599\">UV-Schutz<\/strong>: UV-Lampe an der Auslassd\u00fcse gegen R\u00fcckverkeimung.<\/p>\n<\/li>\n<\/ul>\n<h3 class=\"\" data-start=\"2652\" data-end=\"2679\">Optionale Zubeh\u00f6rteile:<\/h3>\n<ul data-start=\"2680\" data-end=\"3138\">\n<li class=\"\" data-start=\"2680\" data-end=\"2731\">\n<p class=\"\" data-start=\"2682\" data-end=\"2731\"><strong data-start=\"2682\" data-end=\"2713\">Elektronisches Bezahlsystem<\/strong> mit RFID-Karte.<\/p>\n<\/li>\n<li class=\"\" data-start=\"2732\" data-end=\"2798\">\n<p class=\"\" data-start=\"2734\" data-end=\"2798\"><strong data-start=\"2734\" data-end=\"2760\">Zus\u00e4tzliche Filtration<\/strong> mit Mikrofiltration und Aktivkohle.<\/p>\n<\/li>\n<li class=\"\" data-start=\"2799\" data-end=\"2864\">\n<p class=\"\" data-start=\"2801\" data-end=\"2864\"><strong data-start=\"2801\" data-end=\"2824\">UV-Lampe am Eingang<\/strong> f\u00fcr zus\u00e4tzlichen hygienischen Schutz.<\/p>\n<\/li>\n<li class=\"\" data-start=\"2865\" data-end=\"2928\">\n<p class=\"\" data-start=\"2867\" data-end=\"2928\"><strong data-start=\"2867\" data-end=\"2903\">Personalisierung der RFID-Karten<\/strong> (Farben und Grafiken).<\/p>\n<\/li>\n<li class=\"\" data-start=\"2929\" data-end=\"2963\">\n<p class=\"\" data-start=\"2931\" data-end=\"2963\"><strong data-start=\"2931\" data-end=\"2953\">Fernwartungssystem<\/strong> via 3G.<\/p>\n<\/li>\n<li class=\"\" data-start=\"2964\" data-end=\"3028\">\n<p class=\"\" data-start=\"2966\" data-end=\"3028\"><strong data-start=\"2966\" data-end=\"2984\">WLAN-Anbindung<\/strong> zur Daten\u00fcbertragung an einen FTP-Server.<\/p>\n<\/li>\n<li class=\"\" data-start=\"3029\" data-end=\"3066\">\n<p class=\"\" data-start=\"3031\" data-end=\"3066\"><strong data-start=\"3031\" data-end=\"3063\">Webbasiertes Reportingsystem<\/strong>.<\/p>\n<\/li>\n<li class=\"\" data-start=\"3067\" data-end=\"3138\">\n<p class=\"\" data-start=\"3069\" data-end=\"3138\"><strong data-start=\"3069\" data-end=\"3088\">Zahlungssysteme<\/strong>: M\u00fcnzeinwurf, Smartphone, Banknoten, Kreditkarte.<\/p>\n<\/li>\n<\/ul>\n","protected":false},"excerpt":{"rendered":"<p class=\"\" data-start=\"3140\" data-end=\"3199\">Wasserhaus-Modell ACQUAMAT \u2013 180\u202fL\/h nur stilles Wasser<\/p>\n","protected":false},"featured_media":3117,"comment_status":"closed","ping_status":"closed","template":"","meta":{"inline_featured_image":false},"product_brand":[],"product_cat":[57],"product_tag":[],"class_list":{"0":"post-3558","1":"product","2":"type-product","3":"status-publish","4":"has-post-thumbnail","6":"product_cat-proacqua-acquamat-de","8":"first","9":"instock","10":"shipping-taxable","11":"purchasable","12":"product-type-simple"},"_links":{"self":[{"href":"https:\/\/proacquagroup.com\/de\/wp-json\/wp\/v2\/product\/3558","targetHints":{"allow":["GET"]}}],"collection":[{"href":"https:\/\/proacquagroup.com\/de\/wp-json\/wp\/v2\/product"}],"about":[{"href":"https:\/\/proacquagroup.com\/de\/wp-json\/wp\/v2\/types\/product"}],"replies":[{"embeddable":true,"href":"https:\/\/proacquagroup.com\/de\/wp-json\/wp\/v2\/comments?post=3558"}],"wp:featuredmedia":[{"embeddable":true,"href":"https:\/\/proacquagroup.com\/de\/wp-json\/wp\/v2\/media\/3117"}],"wp:attachment":[{"href":"https:\/\/proacquagroup.com\/de\/wp-json\/wp\/v2\/media?parent=3558"}],"wp:term":[{"taxonomy":"product_brand","embeddable":true,"href":"https:\/\/proacquagroup.com\/de\/wp-json\/wp\/v2\/product_brand?post=3558"},{"taxonomy":"product_cat","embeddable":true,"href":"https:\/\/proacquagroup.com\/de\/wp-json\/wp\/v2\/product_cat?post=3558"},{"taxonomy":"product_tag","embeddable":true,"href":"https:\/\/proacquagroup.com\/de\/wp-json\/wp\/v2\/product_tag?post=3558"}],"curies":[{"name":"wp","href":"https:\/\/api.w.org\/{rel}","templated":true}]}}