{"id":3560,"date":"2024-09-24T07:32:27","date_gmt":"2024-09-24T07:32:27","guid":{"rendered":"https:\/\/proacquagroup.com\/acquamat-xl-cwg\/"},"modified":"2025-04-15T15:08:16","modified_gmt":"2025-04-15T15:08:16","slug":"acquamat-xl-gekuehltes-stilles-und-sprudelwasser","status":"publish","type":"product","link":"https:\/\/proacquagroup.com\/de\/acquamat-xl-gekuehltes-stilles-und-sprudelwasser\/","title":{"rendered":"ACQUAMAT XL \u2013 Gek\u00fchltes stilles und Sprudelwasser"},"content":{"rendered":"<p class=\"\" data-start=\"1674\" data-end=\"1774\"><strong data-start=\"1674\" data-end=\"1774\">Einbau-Wasserspender f\u00fcr \u00f6ffentliche Au\u00dfenbereiche \u2013 180\u202fL\/h gek\u00fchltes stilles und Sprudelwasser<\/strong><\/p>\n<p class=\"\" data-start=\"1776\" data-end=\"2043\">Der ACQUAMAT XL ist ein vollst\u00e4ndig aus Edelstahl gefertigter Einbau-Wasserspender, der sich einfach transportieren und installieren l\u00e4sst.<br data-start=\"1915\" data-end=\"1918\" \/>Entwickelt f\u00fcr Stadtpl\u00e4tze und Stra\u00dfen, eignet er sich auch ideal f\u00fcr Campingpl\u00e4tze, Parks, Bahnh\u00f6fe und Universit\u00e4tsgel\u00e4nde.<\/p>\n<h3 class=\"\" data-start=\"2045\" data-end=\"2063\">Hauptmerkmale:<\/h3>\n<ul data-start=\"2064\" data-end=\"2734\">\n<li class=\"\" data-start=\"2064\" data-end=\"2193\">\n<p class=\"\" data-start=\"2066\" data-end=\"2193\"><strong data-start=\"2066\" data-end=\"2083\">Wasserausgabe<\/strong>: Gek\u00fchltes stilles und Sprudelwasser mit einer K\u00fchlleistung von bis zu 180\u202fL\/h (bei 20\u202f\u00b0C Zulauftemperatur)<\/p>\n<\/li>\n<li class=\"\" data-start=\"2194\" data-end=\"2284\">\n<p class=\"\" data-start=\"2196\" data-end=\"2284\"><strong data-start=\"2196\" data-end=\"2226\">Vandalismussicheres Design<\/strong>: Keine hervorstehenden oder leicht besch\u00e4digbaren Teile<\/p>\n<\/li>\n<li class=\"\" data-start=\"2285\" data-end=\"2389\">\n<p class=\"\" data-start=\"2287\" data-end=\"2389\"><strong data-start=\"2287\" data-end=\"2300\">Bedienung<\/strong>: Niederspannungstasten, vandalismussicher und programmierbar f\u00fcr Menge und Wassersorte<\/p>\n<\/li>\n<li class=\"\" data-start=\"2390\" data-end=\"2460\">\n<p class=\"\" data-start=\"2392\" data-end=\"2460\"><strong data-start=\"2392\" data-end=\"2410\">Flaschenablage<\/strong>: Fl\u00e4che zum Bef\u00fcllen und Abstellen von Flaschen<\/p>\n<\/li>\n<li class=\"\" data-start=\"2461\" data-end=\"2578\">\n<p class=\"\" data-start=\"2463\" data-end=\"2578\"><strong data-start=\"2463\" data-end=\"2478\">Tropfschale<\/strong>: An das Abwassersystem angeschlossen, um Wasseransammlungen und Eisbildung im Winter zu vermeiden<\/p>\n<\/li>\n<li class=\"\" data-start=\"2579\" data-end=\"2661\">\n<p class=\"\" data-start=\"2581\" data-end=\"2661\"><strong data-start=\"2581\" data-end=\"2604\">Nutzungsstatistiken<\/strong>: Integrierte Software zur Auswertung der Wasserabgaben<\/p>\n<\/li>\n<li class=\"\" data-start=\"2662\" data-end=\"2734\">\n<p class=\"\" data-start=\"2664\" data-end=\"2734\"><strong data-start=\"2664\" data-end=\"2675\">Hygiene<\/strong>: UV-Lampe an der Auslassd\u00fcse zum Schutz vor R\u00fcckverkeimung<\/p>\n<\/li>\n<\/ul>\n<h3 class=\"\" data-start=\"2736\" data-end=\"2763\">Optionale Zubeh\u00f6rteile:<\/h3>\n<ul data-start=\"2764\" data-end=\"3203\">\n<li class=\"\" data-start=\"2764\" data-end=\"2801\">\n<p class=\"\" data-start=\"2766\" data-end=\"2801\"><strong data-start=\"2766\" data-end=\"2784\">Zahlungssystem<\/strong> mit RFID-Karte<\/p>\n<\/li>\n<li class=\"\" data-start=\"2802\" data-end=\"2866\">\n<p class=\"\" data-start=\"2804\" data-end=\"2866\"><strong data-start=\"2804\" data-end=\"2829\">Erweiterte Filtration<\/strong> mit Mikrofiltration und Aktivkohle<\/p>\n<\/li>\n<li class=\"\" data-start=\"2867\" data-end=\"2931\">\n<p class=\"\" data-start=\"2869\" data-end=\"2931\"><strong data-start=\"2869\" data-end=\"2892\">UV-Lampe am Eingang<\/strong> f\u00fcr zus\u00e4tzlichen hygienischen Schutz<\/p>\n<\/li>\n<li class=\"\" data-start=\"2932\" data-end=\"2993\">\n<p class=\"\" data-start=\"2934\" data-end=\"2993\"><strong data-start=\"2934\" data-end=\"2961\">Individuelle Gestaltung<\/strong> der Karten (Farbe und Grafik)<\/p>\n<\/li>\n<li class=\"\" data-start=\"2994\" data-end=\"3035\">\n<p class=\"\" data-start=\"2996\" data-end=\"3035\"><strong data-start=\"2996\" data-end=\"3017\">3G-Diagnosesystem<\/strong> f\u00fcr Fernwartung<\/p>\n<\/li>\n<li class=\"\" data-start=\"3036\" data-end=\"3089\">\n<p class=\"\" data-start=\"3038\" data-end=\"3089\"><strong data-start=\"3038\" data-end=\"3052\">WLAN-Modul<\/strong> zur Daten\u00fcbertragung an FTP-Server<\/p>\n<\/li>\n<li class=\"\" data-start=\"3090\" data-end=\"3126\">\n<p class=\"\" data-start=\"3092\" data-end=\"3126\"><strong data-start=\"3092\" data-end=\"3124\">Webbasiertes Reportingsystem<\/strong><\/p>\n<\/li>\n<li class=\"\" data-start=\"3127\" data-end=\"3203\">\n<p class=\"\" data-start=\"3129\" data-end=\"3203\"><strong data-start=\"3129\" data-end=\"3154\">Zahlungsm\u00f6glichkeiten<\/strong>: M\u00fcnzeinwurf, Smartphone, Banknoten, Kreditkarte<\/p>\n<\/li>\n<\/ul>\n","protected":false},"excerpt":{"rendered":"<p>Wasserhaus-Modell ACQUAMAT \u2013 180\u202fL\/h gek\u00fchltes stilles und Sprudelwasser<\/p>\n","protected":false},"featured_media":3107,"comment_status":"closed","ping_status":"closed","template":"","meta":{"inline_featured_image":false},"product_brand":[],"product_cat":[57],"product_tag":[],"class_list":{"0":"post-3560","1":"product","2":"type-product","3":"status-publish","4":"has-post-thumbnail","6":"product_cat-proacqua-acquamat-de","8":"first","9":"instock","10":"shipping-taxable","11":"purchasable","12":"product-type-simple"},"_links":{"self":[{"href":"https:\/\/proacquagroup.com\/de\/wp-json\/wp\/v2\/product\/3560","targetHints":{"allow":["GET"]}}],"collection":[{"href":"https:\/\/proacquagroup.com\/de\/wp-json\/wp\/v2\/product"}],"about":[{"href":"https:\/\/proacquagroup.com\/de\/wp-json\/wp\/v2\/types\/product"}],"replies":[{"embeddable":true,"href":"https:\/\/proacquagroup.com\/de\/wp-json\/wp\/v2\/comments?post=3560"}],"wp:featuredmedia":[{"embeddable":true,"href":"https:\/\/proacquagroup.com\/de\/wp-json\/wp\/v2\/media\/3107"}],"wp:attachment":[{"href":"https:\/\/proacquagroup.com\/de\/wp-json\/wp\/v2\/media?parent=3560"}],"wp:term":[{"taxonomy":"product_brand","embeddable":true,"href":"https:\/\/proacquagroup.com\/de\/wp-json\/wp\/v2\/product_brand?post=3560"},{"taxonomy":"product_cat","embeddable":true,"href":"https:\/\/proacquagroup.com\/de\/wp-json\/wp\/v2\/product_cat?post=3560"},{"taxonomy":"product_tag","embeddable":true,"href":"https:\/\/proacquagroup.com\/de\/wp-json\/wp\/v2\/product_tag?post=3560"}],"curies":[{"name":"wp","href":"https:\/\/api.w.org\/{rel}","templated":true}]}}