{"id":3562,"date":"2024-09-24T07:29:35","date_gmt":"2024-09-24T07:29:35","guid":{"rendered":"https:\/\/proacquagroup.com\/acquamat-xxl-cwg\/"},"modified":"2025-04-15T15:09:53","modified_gmt":"2025-04-15T15:09:53","slug":"acquamat-xxl-gekuehltes-stilles-und-sprudelwasser","status":"publish","type":"product","link":"https:\/\/proacquagroup.com\/de\/acquamat-xxl-gekuehltes-stilles-und-sprudelwasser\/","title":{"rendered":"ACQUAMAT XXL \u2013 Gek\u00fchltes stilles und Sprudelwasser"},"content":{"rendered":"<p class=\"\" data-start=\"1789\" data-end=\"1889\"><strong data-start=\"1789\" data-end=\"1889\">Einbau-Wasserspender f\u00fcr \u00f6ffentliche Au\u00dfenbereiche \u2013 250\u202fL\/h gek\u00fchltes stilles und Sprudelwasser<\/strong><\/p>\n<p class=\"\" data-start=\"1891\" data-end=\"2186\">Ein leistungsstarker Einbau-Wasserspender f\u00fcr den Au\u00dfenbereich, vollst\u00e4ndig aus Edelstahl gefertigt und intern produziert.<br data-start=\"2013\" data-end=\"2016\" \/>Er l\u00e4sst sich leicht transportieren und installieren und wurde speziell f\u00fcr Pl\u00e4tze, st\u00e4dtische Stra\u00dfen, Campingpl\u00e4tze, Parks, Bahnh\u00f6fe und Universit\u00e4tsgel\u00e4nde entwickelt.<\/p>\n<h3 class=\"\" data-start=\"2188\" data-end=\"2206\">Hauptmerkmale:<\/h3>\n<ul data-start=\"2207\" data-end=\"2864\">\n<li class=\"\" data-start=\"2207\" data-end=\"2330\">\n<p class=\"\" data-start=\"2209\" data-end=\"2330\"><strong data-start=\"2209\" data-end=\"2220\">Ausgabe<\/strong>: Gek\u00fchltes stilles und Sprudelwasser mit einer K\u00fchlleistung von bis zu 250\u202fL\/h (bei 20\u202f\u00b0C Zulauftemperatur)<\/p>\n<\/li>\n<li class=\"\" data-start=\"2331\" data-end=\"2421\">\n<p class=\"\" data-start=\"2333\" data-end=\"2421\"><strong data-start=\"2333\" data-end=\"2363\">Vandalismussicheres Design<\/strong>: Keine hervorstehenden oder leicht besch\u00e4digbaren Teile<\/p>\n<\/li>\n<li class=\"\" data-start=\"2422\" data-end=\"2526\">\n<p class=\"\" data-start=\"2424\" data-end=\"2526\"><strong data-start=\"2424\" data-end=\"2437\">Steuerung<\/strong>: Niederspannungstasten, vandalismussicher und programmierbar f\u00fcr Menge und Wassersorte<\/p>\n<\/li>\n<li class=\"\" data-start=\"2527\" data-end=\"2597\">\n<p class=\"\" data-start=\"2529\" data-end=\"2597\"><strong data-start=\"2529\" data-end=\"2547\">Flaschenablage<\/strong>: Fl\u00e4che zum Bef\u00fcllen und Abstellen von Flaschen<\/p>\n<\/li>\n<li class=\"\" data-start=\"2598\" data-end=\"2708\">\n<p class=\"\" data-start=\"2600\" data-end=\"2708\"><strong data-start=\"2600\" data-end=\"2615\">Tropfschale<\/strong>: Direkt an das Abwassersystem angeschlossen \u2013 verhindert \u00dcberlauf und Eisbildung im Winter<\/p>\n<\/li>\n<li class=\"\" data-start=\"2709\" data-end=\"2791\">\n<p class=\"\" data-start=\"2711\" data-end=\"2791\"><strong data-start=\"2711\" data-end=\"2734\">Nutzungsstatistiken<\/strong>: Integrierte Software zur Auswertung der Wasserabgaben<\/p>\n<\/li>\n<li class=\"\" data-start=\"2792\" data-end=\"2864\">\n<p class=\"\" data-start=\"2794\" data-end=\"2864\"><strong data-start=\"2794\" data-end=\"2805\">Hygiene<\/strong>: UV-Lampe an der Auslassd\u00fcse zum Schutz vor R\u00fcckverkeimung<\/p>\n<\/li>\n<\/ul>\n<h3 class=\"\" data-start=\"2866\" data-end=\"2893\">Optionale Zubeh\u00f6rteile:<\/h3>\n<ul data-start=\"2894\" data-end=\"3319\">\n<li class=\"\" data-start=\"2894\" data-end=\"2943\">\n<p class=\"\" data-start=\"2896\" data-end=\"2943\"><strong data-start=\"2896\" data-end=\"2918\">Zahlungsmanagement<\/strong> \u00fcber RFID-Kartensystem<\/p>\n<\/li>\n<li class=\"\" data-start=\"2944\" data-end=\"2999\">\n<p class=\"\" data-start=\"2946\" data-end=\"2999\"><strong data-start=\"2946\" data-end=\"2962\">Filtersystem<\/strong> mit Mikrofiltration und Aktivkohle<\/p>\n<\/li>\n<li class=\"\" data-start=\"3000\" data-end=\"3051\">\n<p class=\"\" data-start=\"3002\" data-end=\"3051\"><strong data-start=\"3002\" data-end=\"3025\">UV-Lampe am Eingang<\/strong> f\u00fcr zus\u00e4tzlichen Schutz<\/p>\n<\/li>\n<li class=\"\" data-start=\"3052\" data-end=\"3109\">\n<p class=\"\" data-start=\"3054\" data-end=\"3109\"><strong data-start=\"3054\" data-end=\"3074\">Personalisierung<\/strong> der Karten (Farben und Grafiken)<\/p>\n<\/li>\n<li class=\"\" data-start=\"3110\" data-end=\"3151\">\n<p class=\"\" data-start=\"3112\" data-end=\"3151\"><strong data-start=\"3112\" data-end=\"3133\">3G-Diagnosesystem<\/strong> f\u00fcr Fernwartung<\/p>\n<\/li>\n<li class=\"\" data-start=\"3152\" data-end=\"3211\">\n<p class=\"\" data-start=\"3154\" data-end=\"3211\"><strong data-start=\"3154\" data-end=\"3168\">WLAN-Modul<\/strong> zur Daten\u00fcbertragung an einen FTP-Server<\/p>\n<\/li>\n<li class=\"\" data-start=\"3212\" data-end=\"3248\">\n<p class=\"\" data-start=\"3214\" data-end=\"3248\"><strong data-start=\"3214\" data-end=\"3246\">Webbasiertes Reportingsystem<\/strong><\/p>\n<\/li>\n<li class=\"\" data-start=\"3249\" data-end=\"3319\">\n<p class=\"\" data-start=\"3251\" data-end=\"3319\"><strong data-start=\"3251\" data-end=\"3270\">Zahlungssysteme<\/strong>: M\u00fcnzeinwurf, Smartphone, Banknoten, Kreditkarte<\/p>\n<\/li>\n<\/ul>\n","protected":false},"excerpt":{"rendered":"<p>Wasserhaus-Modell ACQUAMAT \u2013 250\u202fL\/h gek\u00fchltes stilles und Sprudelwasser<\/p>\n","protected":false},"featured_media":3101,"comment_status":"closed","ping_status":"closed","template":"","meta":{"inline_featured_image":false},"product_brand":[],"product_cat":[57],"product_tag":[],"class_list":{"0":"post-3562","1":"product","2":"type-product","3":"status-publish","4":"has-post-thumbnail","6":"product_cat-proacqua-acquamat-de","8":"first","9":"instock","10":"shipping-taxable","11":"purchasable","12":"product-type-simple"},"_links":{"self":[{"href":"https:\/\/proacquagroup.com\/de\/wp-json\/wp\/v2\/product\/3562","targetHints":{"allow":["GET"]}}],"collection":[{"href":"https:\/\/proacquagroup.com\/de\/wp-json\/wp\/v2\/product"}],"about":[{"href":"https:\/\/proacquagroup.com\/de\/wp-json\/wp\/v2\/types\/product"}],"replies":[{"embeddable":true,"href":"https:\/\/proacquagroup.com\/de\/wp-json\/wp\/v2\/comments?post=3562"}],"wp:featuredmedia":[{"embeddable":true,"href":"https:\/\/proacquagroup.com\/de\/wp-json\/wp\/v2\/media\/3101"}],"wp:attachment":[{"href":"https:\/\/proacquagroup.com\/de\/wp-json\/wp\/v2\/media?parent=3562"}],"wp:term":[{"taxonomy":"product_brand","embeddable":true,"href":"https:\/\/proacquagroup.com\/de\/wp-json\/wp\/v2\/product_brand?post=3562"},{"taxonomy":"product_cat","embeddable":true,"href":"https:\/\/proacquagroup.com\/de\/wp-json\/wp\/v2\/product_cat?post=3562"},{"taxonomy":"product_tag","embeddable":true,"href":"https:\/\/proacquagroup.com\/de\/wp-json\/wp\/v2\/product_tag?post=3562"}],"curies":[{"name":"wp","href":"https:\/\/api.w.org\/{rel}","templated":true}]}}