{"id":3570,"date":"2024-09-24T07:17:17","date_gmt":"2024-09-24T07:17:17","guid":{"rendered":"https:\/\/proacquagroup.com\/casa-dellacqua-modello-city-180-lt-h-solo-acqua-naturale\/"},"modified":"2025-04-15T15:20:00","modified_gmt":"2025-04-15T15:20:00","slug":"city-180-l-h-raumtemperiertes-und-gekuehltes-wasser","status":"publish","type":"product","link":"https:\/\/proacquagroup.com\/de\/city-180-l-h-raumtemperiertes-und-gekuehltes-wasser\/","title":{"rendered":"CITY \u2013 180\u202fL\/h Raumtemperiertes und gek\u00fchltes Wasser"},"content":{"rendered":"<p class=\"\" data-start=\"1949\" data-end=\"2064\"><strong data-start=\"1949\" data-end=\"2064\">Freistehender \u00f6ffentlicher Wasserspender f\u00fcr Au\u00dfenbereiche \u2013 180\u202fL\/h stilles Wasser, raumtemperiert und gek\u00fchlt<\/strong><\/p>\n<p class=\"\" data-start=\"2066\" data-end=\"2313\">Ein freistehender Wasserspender aus Edelstahl, komplett vormontiert im Werk, leicht zu transportieren und zu installieren.<br data-start=\"2188\" data-end=\"2191\" \/>Entwickelt f\u00fcr Pl\u00e4tze und Stra\u00dfen moderner St\u00e4dte \u2013 ideal auch f\u00fcr Campingpl\u00e4tze, Parks, Bahnh\u00f6fe und Universit\u00e4tsgel\u00e4nde.<\/p>\n<h3 class=\"\" data-start=\"2315\" data-end=\"2333\">Hauptmerkmale:<\/h3>\n<ul data-start=\"2334\" data-end=\"3147\">\n<li class=\"\" data-start=\"2334\" data-end=\"2460\">\n<p class=\"\" data-start=\"2336\" data-end=\"2460\">Gibt stilles Wasser bei Raumtemperatur und gek\u00fchlt mit einer Kapazit\u00e4t von bis zu 180\u202fL\/h aus (bei 20\u202f\u00b0C Zulauftemperatur)<\/p>\n<\/li>\n<li class=\"\" data-start=\"2461\" data-end=\"2536\">\n<p class=\"\" data-start=\"2463\" data-end=\"2536\">Entspricht den gesetzlichen Vorschriften f\u00fcr Menschen mit Behinderungen<\/p>\n<\/li>\n<li class=\"\" data-start=\"2537\" data-end=\"2612\">\n<p class=\"\" data-start=\"2539\" data-end=\"2612\">Vandalismussicheres Design ohne hervorstehende oder besch\u00e4digbare Teile<\/p>\n<\/li>\n<li class=\"\" data-start=\"2613\" data-end=\"2657\">\n<p class=\"\" data-start=\"2615\" data-end=\"2657\">Gesetzeskonforme Schutzdach-Konstruktion<\/p>\n<\/li>\n<li class=\"\" data-start=\"2658\" data-end=\"2697\">\n<p class=\"\" data-start=\"2660\" data-end=\"2697\">Frostschutz durch innere Isolierung<\/p>\n<\/li>\n<li class=\"\" data-start=\"2698\" data-end=\"2800\">\n<p class=\"\" data-start=\"2700\" data-end=\"2800\">Wasserausgabe \u00fcber vandalensichere Niederspannungstasten, programmierbar f\u00fcr Menge und Wassersorte<\/p>\n<\/li>\n<li class=\"\" data-start=\"2801\" data-end=\"2860\">\n<p class=\"\" data-start=\"2803\" data-end=\"2860\">Flaschenablage f\u00fcr bef\u00fcllte oder zu bef\u00fcllende Flaschen<\/p>\n<\/li>\n<li class=\"\" data-start=\"2861\" data-end=\"2955\">\n<p class=\"\" data-start=\"2863\" data-end=\"2955\">Tropfschale direkt mit dem Abfluss verbunden \u2013 verhindert \u00dcberlauf und Vereisung im Winter<\/p>\n<\/li>\n<li class=\"\" data-start=\"2956\" data-end=\"3015\">\n<p class=\"\" data-start=\"2958\" data-end=\"3015\"><strong data-start=\"2958\" data-end=\"2982\">LED-Nachtbeleuchtung<\/strong> mit niedrigem Energieverbrauch<\/p>\n<\/li>\n<li class=\"\" data-start=\"3016\" data-end=\"3083\">\n<p class=\"\" data-start=\"3018\" data-end=\"3083\">Integrierte <strong data-start=\"3030\" data-end=\"3081\">Software zur Erstellung von Nutzungsstatistiken<\/strong><\/p>\n<\/li>\n<li class=\"\" data-start=\"3084\" data-end=\"3147\">\n<p class=\"\" data-start=\"3086\" data-end=\"3147\"><strong data-start=\"3086\" data-end=\"3117\">UV-Lampe an der Auslassd\u00fcse<\/strong> zum Schutz vor R\u00fcckverkeimung<\/p>\n<\/li>\n<\/ul>\n<h3 class=\"\" data-start=\"3149\" data-end=\"3176\">Optionale Zubeh\u00f6rteile:<\/h3>\n<ul data-start=\"3177\" data-end=\"3721\">\n<li class=\"\" data-start=\"3177\" data-end=\"3230\">\n<p class=\"\" data-start=\"3179\" data-end=\"3230\"><strong data-start=\"3179\" data-end=\"3212\">Elektronisches Zahlungssystem<\/strong> mit RFID-Karten<\/p>\n<\/li>\n<li class=\"\" data-start=\"3231\" data-end=\"3286\">\n<p class=\"\" data-start=\"3233\" data-end=\"3286\"><strong data-start=\"3233\" data-end=\"3249\">Filtersystem<\/strong> mit Mikrofiltration und Aktivkohle<\/p>\n<\/li>\n<li class=\"\" data-start=\"3287\" data-end=\"3320\">\n<p class=\"\" data-start=\"3289\" data-end=\"3320\"><strong data-start=\"3289\" data-end=\"3318\">UV-Lampe am Wassereingang<\/strong><\/p>\n<\/li>\n<li class=\"\" data-start=\"3321\" data-end=\"3344\">\n<p class=\"\" data-start=\"3323\" data-end=\"3344\"><strong data-start=\"3323\" data-end=\"3342\">39&#8243; LED-Monitor<\/strong><\/p>\n<\/li>\n<li class=\"\" data-start=\"3345\" data-end=\"3385\">\n<p class=\"\" data-start=\"3347\" data-end=\"3385\"><strong data-start=\"3347\" data-end=\"3367\">Video\u00fcberwachung<\/strong> mit Fernzugriff<\/p>\n<\/li>\n<li class=\"\" data-start=\"3386\" data-end=\"3445\">\n<p class=\"\" data-start=\"3388\" data-end=\"3445\"><strong data-start=\"3388\" data-end=\"3421\">Individuelle Kartengestaltung<\/strong> (Farben und Grafiken)<\/p>\n<\/li>\n<li class=\"\" data-start=\"3446\" data-end=\"3487\">\n<p class=\"\" data-start=\"3448\" data-end=\"3487\"><strong data-start=\"3448\" data-end=\"3469\">3G-Diagnosesystem<\/strong> f\u00fcr Fernwartung<\/p>\n<\/li>\n<li class=\"\" data-start=\"3488\" data-end=\"3547\">\n<p class=\"\" data-start=\"3490\" data-end=\"3547\"><strong data-start=\"3490\" data-end=\"3504\">WLAN-Modul<\/strong> zur Daten\u00fcbertragung an einen FTP-Server<\/p>\n<\/li>\n<li class=\"\" data-start=\"3548\" data-end=\"3585\">\n<p class=\"\" data-start=\"3550\" data-end=\"3585\"><strong data-start=\"3550\" data-end=\"3583\">Webbasiertes Reporting-System<\/strong><\/p>\n<\/li>\n<li class=\"\" data-start=\"3586\" data-end=\"3620\">\n<p class=\"\" data-start=\"3588\" data-end=\"3620\"><strong data-start=\"3588\" data-end=\"3618\">M\u00fcnzeinwurf-Zahlungssystem<\/strong><\/p>\n<\/li>\n<li class=\"\" data-start=\"3621\" data-end=\"3654\">\n<p class=\"\" data-start=\"3623\" data-end=\"3654\"><strong data-start=\"3623\" data-end=\"3652\">Smartphone-Zahlungssystem<\/strong><\/p>\n<\/li>\n<li class=\"\" data-start=\"3655\" data-end=\"3687\">\n<p class=\"\" data-start=\"3657\" data-end=\"3687\"><strong data-start=\"3657\" data-end=\"3685\">Banknoten-Zahlungssystem<\/strong><\/p>\n<\/li>\n<li class=\"\" data-start=\"3688\" data-end=\"3721\">\n<p class=\"\" data-start=\"3690\" data-end=\"3721\"><strong data-start=\"3690\" data-end=\"3721\">Kreditkarten-Zahlungssystem<\/strong><\/p>\n<\/li>\n<\/ul>\n<p class=\"\" data-start=\"3723\" data-end=\"3780\">\n","protected":false},"excerpt":{"rendered":"<p>Stilles Wasser \u2013 raumtemperiert und gek\u00fchlt \u2013 180\u202fL\/h<\/p>\n","protected":false},"featured_media":3416,"comment_status":"closed","ping_status":"closed","template":"","meta":{"inline_featured_image":false},"product_brand":[],"product_cat":[59],"product_tag":[],"class_list":{"0":"post-3570","1":"product","2":"type-product","3":"status-publish","4":"has-post-thumbnail","6":"product_cat-proacqua-city-de","8":"first","9":"instock","10":"shipping-taxable","11":"purchasable","12":"product-type-simple"},"_links":{"self":[{"href":"https:\/\/proacquagroup.com\/de\/wp-json\/wp\/v2\/product\/3570","targetHints":{"allow":["GET"]}}],"collection":[{"href":"https:\/\/proacquagroup.com\/de\/wp-json\/wp\/v2\/product"}],"about":[{"href":"https:\/\/proacquagroup.com\/de\/wp-json\/wp\/v2\/types\/product"}],"replies":[{"embeddable":true,"href":"https:\/\/proacquagroup.com\/de\/wp-json\/wp\/v2\/comments?post=3570"}],"wp:featuredmedia":[{"embeddable":true,"href":"https:\/\/proacquagroup.com\/de\/wp-json\/wp\/v2\/media\/3416"}],"wp:attachment":[{"href":"https:\/\/proacquagroup.com\/de\/wp-json\/wp\/v2\/media?parent=3570"}],"wp:term":[{"taxonomy":"product_brand","embeddable":true,"href":"https:\/\/proacquagroup.com\/de\/wp-json\/wp\/v2\/product_brand?post=3570"},{"taxonomy":"product_cat","embeddable":true,"href":"https:\/\/proacquagroup.com\/de\/wp-json\/wp\/v2\/product_cat?post=3570"},{"taxonomy":"product_tag","embeddable":true,"href":"https:\/\/proacquagroup.com\/de\/wp-json\/wp\/v2\/product_tag?post=3570"}],"curies":[{"name":"wp","href":"https:\/\/api.w.org\/{rel}","templated":true}]}}