{"id":3572,"date":"2024-09-24T07:15:32","date_gmt":"2024-09-24T07:15:32","guid":{"rendered":"https:\/\/proacquagroup.com\/casa-dellacqua-modello-city-180-lt-h-acqua-naturale-e-gasata\/"},"modified":"2025-04-15T15:21:46","modified_gmt":"2025-04-15T15:21:46","slug":"city-180-l-h-gekuehltes-stilles-und-sprudelwasser","status":"publish","type":"product","link":"https:\/\/proacquagroup.com\/de\/city-180-l-h-gekuehltes-stilles-und-sprudelwasser\/","title":{"rendered":"CITY \u2013 180\u202fL\/h Gek\u00fchltes stilles und Sprudelwasser"},"content":{"rendered":"<p class=\"\" data-start=\"1945\" data-end=\"2053\"><strong data-start=\"1945\" data-end=\"2053\">Freistehender \u00f6ffentlicher Wasserspender f\u00fcr Au\u00dfenbereiche \u2013 180\u202fL\/h gek\u00fchltes stilles und Sprudelwasser<\/strong><\/p>\n<p class=\"\" data-start=\"2055\" data-end=\"2302\">Ein freistehender Wasserspender aus Edelstahl, vollst\u00e4ndig vormontiert im Werk, leicht zu transportieren und zu installieren.<br data-start=\"2180\" data-end=\"2183\" \/>Entwickelt f\u00fcr moderne Stadtpl\u00e4tze und Stra\u00dfen \u2013 auch ideal f\u00fcr Campingpl\u00e4tze, Parks, Bahnh\u00f6fe und Universit\u00e4tsgel\u00e4nde.<\/p>\n<h3 class=\"\" data-start=\"2304\" data-end=\"2322\">Hauptmerkmale:<\/h3>\n<ul data-start=\"2323\" data-end=\"3151\">\n<li class=\"\" data-start=\"2323\" data-end=\"2439\">\n<p class=\"\" data-start=\"2325\" data-end=\"2439\">Gibt gek\u00fchltes stilles und Sprudelwasser mit einer Kapazit\u00e4t von bis zu 180\u202fL\/h aus (bei 20\u202f\u00b0C Zulauftemperatur)<\/p>\n<\/li>\n<li class=\"\" data-start=\"2440\" data-end=\"2508\">\n<p class=\"\" data-start=\"2442\" data-end=\"2508\">Gesetzeskonform f\u00fcr die Nutzung durch Menschen mit Behinderungen<\/p>\n<\/li>\n<li class=\"\" data-start=\"2509\" data-end=\"2594\">\n<p class=\"\" data-start=\"2511\" data-end=\"2594\">Vandalismussicheres Design ohne hervorstehende oder leicht besch\u00e4digbare Bauteile<\/p>\n<\/li>\n<li class=\"\" data-start=\"2595\" data-end=\"2642\">\n<p class=\"\" data-start=\"2597\" data-end=\"2642\">Gesetzeskonforme <strong data-start=\"2614\" data-end=\"2640\">Schutzdachkonstruktion<\/strong><\/p>\n<\/li>\n<li class=\"\" data-start=\"2643\" data-end=\"2683\">\n<p class=\"\" data-start=\"2645\" data-end=\"2683\"><strong data-start=\"2645\" data-end=\"2670\">Frostschutzisolierung<\/strong> im Inneren<\/p>\n<\/li>\n<li class=\"\" data-start=\"2684\" data-end=\"2787\">\n<p class=\"\" data-start=\"2686\" data-end=\"2787\">Wasserausgabe \u00fcber vandalensichere Niederspannungstasten, programmierbar nach Menge und Wassersorte<\/p>\n<\/li>\n<li class=\"\" data-start=\"2788\" data-end=\"2848\">\n<p class=\"\" data-start=\"2790\" data-end=\"2848\"><strong data-start=\"2790\" data-end=\"2819\">Ablagefl\u00e4che f\u00fcr Flaschen<\/strong>, bef\u00fcllt oder zum Bef\u00fcllen<\/p>\n<\/li>\n<li class=\"\" data-start=\"2849\" data-end=\"2961\">\n<p class=\"\" data-start=\"2851\" data-end=\"2961\"><strong data-start=\"2851\" data-end=\"2866\">Tropfschale<\/strong> direkt mit dem Abfluss verbunden \u2013 verhindert Wasseransammlungen und Gefriergefahr im Winter<\/p>\n<\/li>\n<li class=\"\" data-start=\"2962\" data-end=\"3019\">\n<p class=\"\" data-start=\"2964\" data-end=\"3019\"><strong data-start=\"2964\" data-end=\"2988\">LED-Nachtbeleuchtung<\/strong> mit niedrigem Stromverbrauch<\/p>\n<\/li>\n<li class=\"\" data-start=\"3020\" data-end=\"3087\">\n<p class=\"\" data-start=\"3022\" data-end=\"3087\">Integrierte <strong data-start=\"3034\" data-end=\"3085\">Software zur Erstellung von Nutzungsstatistiken<\/strong><\/p>\n<\/li>\n<li class=\"\" data-start=\"3088\" data-end=\"3151\">\n<p class=\"\" data-start=\"3090\" data-end=\"3151\"><strong data-start=\"3090\" data-end=\"3121\">UV-Lampe an der Auslassd\u00fcse<\/strong> zum Schutz vor R\u00fcckverkeimung<\/p>\n<\/li>\n<\/ul>\n<h3 class=\"\" data-start=\"3153\" data-end=\"3180\">Optionale Zubeh\u00f6rteile:<\/h3>\n<ul data-start=\"3181\" data-end=\"3717\">\n<li class=\"\" data-start=\"3181\" data-end=\"3232\">\n<p class=\"\" data-start=\"3183\" data-end=\"3232\"><strong data-start=\"3183\" data-end=\"3214\">Elektronisches Bezahlsystem<\/strong> mit RFID-Karten<\/p>\n<\/li>\n<li class=\"\" data-start=\"3233\" data-end=\"3288\">\n<p class=\"\" data-start=\"3235\" data-end=\"3288\"><strong data-start=\"3235\" data-end=\"3251\">Filtersystem<\/strong> mit Mikrofiltration und Aktivkohle<\/p>\n<\/li>\n<li class=\"\" data-start=\"3289\" data-end=\"3322\">\n<p class=\"\" data-start=\"3291\" data-end=\"3322\"><strong data-start=\"3291\" data-end=\"3320\">UV-Lampe am Wassereingang<\/strong><\/p>\n<\/li>\n<li class=\"\" data-start=\"3323\" data-end=\"3346\">\n<p class=\"\" data-start=\"3325\" data-end=\"3346\"><strong data-start=\"3325\" data-end=\"3344\">39&#8243;-LED-Monitor<\/strong><\/p>\n<\/li>\n<li class=\"\" data-start=\"3347\" data-end=\"3387\">\n<p class=\"\" data-start=\"3349\" data-end=\"3387\"><strong data-start=\"3349\" data-end=\"3385\">Video\u00fcberwachung mit Fernzugriff<\/strong><\/p>\n<\/li>\n<li class=\"\" data-start=\"3388\" data-end=\"3447\">\n<p class=\"\" data-start=\"3390\" data-end=\"3447\"><strong data-start=\"3390\" data-end=\"3423\">Individuelle Kartengestaltung<\/strong> (Farben und Grafiken)<\/p>\n<\/li>\n<li class=\"\" data-start=\"3448\" data-end=\"3489\">\n<p class=\"\" data-start=\"3450\" data-end=\"3489\"><strong data-start=\"3450\" data-end=\"3471\">3G-Diagnosesystem<\/strong> zur Fernwartung<\/p>\n<\/li>\n<li class=\"\" data-start=\"3490\" data-end=\"3543\">\n<p class=\"\" data-start=\"3492\" data-end=\"3543\"><strong data-start=\"3492\" data-end=\"3500\">WLAN<\/strong> zur Daten\u00fcbertragung an einen FTP-Server<\/p>\n<\/li>\n<li class=\"\" data-start=\"3544\" data-end=\"3581\">\n<p class=\"\" data-start=\"3546\" data-end=\"3581\"><strong data-start=\"3546\" data-end=\"3579\">Webbasiertes Reporting-System<\/strong><\/p>\n<\/li>\n<li class=\"\" data-start=\"3582\" data-end=\"3616\">\n<p class=\"\" data-start=\"3584\" data-end=\"3616\"><strong data-start=\"3584\" data-end=\"3614\">M\u00fcnzeinwurf-Zahlungssystem<\/strong><\/p>\n<\/li>\n<li class=\"\" data-start=\"3617\" data-end=\"3650\">\n<p class=\"\" data-start=\"3619\" data-end=\"3650\"><strong data-start=\"3619\" data-end=\"3648\">Smartphone-Zahlungssystem<\/strong><\/p>\n<\/li>\n<li class=\"\" data-start=\"3651\" data-end=\"3683\">\n<p class=\"\" data-start=\"3653\" data-end=\"3683\"><strong data-start=\"3653\" data-end=\"3681\">Banknoten-Zahlungssystem<\/strong><\/p>\n<\/li>\n<li class=\"\" data-start=\"3684\" data-end=\"3717\">\n<p class=\"\" data-start=\"3686\" data-end=\"3717\"><strong data-start=\"3686\" data-end=\"3717\">Kreditkarten-Zahlungssystem<\/strong><\/p>\n<\/li>\n<\/ul>\n<p class=\"\" data-start=\"3719\" data-end=\"3768\">\n","protected":false},"excerpt":{"rendered":"<p>Gek\u00fchltes stilles und Sprudelwasser \u2013 180\u202fL\/h<\/p>\n","protected":false},"featured_media":3067,"comment_status":"closed","ping_status":"closed","template":"","meta":{"inline_featured_image":false},"product_brand":[],"product_cat":[59],"product_tag":[],"class_list":{"0":"post-3572","1":"product","2":"type-product","3":"status-publish","4":"has-post-thumbnail","6":"product_cat-proacqua-city-de","8":"first","9":"instock","10":"shipping-taxable","11":"purchasable","12":"product-type-simple"},"_links":{"self":[{"href":"https:\/\/proacquagroup.com\/de\/wp-json\/wp\/v2\/product\/3572","targetHints":{"allow":["GET"]}}],"collection":[{"href":"https:\/\/proacquagroup.com\/de\/wp-json\/wp\/v2\/product"}],"about":[{"href":"https:\/\/proacquagroup.com\/de\/wp-json\/wp\/v2\/types\/product"}],"replies":[{"embeddable":true,"href":"https:\/\/proacquagroup.com\/de\/wp-json\/wp\/v2\/comments?post=3572"}],"wp:featuredmedia":[{"embeddable":true,"href":"https:\/\/proacquagroup.com\/de\/wp-json\/wp\/v2\/media\/3067"}],"wp:attachment":[{"href":"https:\/\/proacquagroup.com\/de\/wp-json\/wp\/v2\/media?parent=3572"}],"wp:term":[{"taxonomy":"product_brand","embeddable":true,"href":"https:\/\/proacquagroup.com\/de\/wp-json\/wp\/v2\/product_brand?post=3572"},{"taxonomy":"product_cat","embeddable":true,"href":"https:\/\/proacquagroup.com\/de\/wp-json\/wp\/v2\/product_cat?post=3572"},{"taxonomy":"product_tag","embeddable":true,"href":"https:\/\/proacquagroup.com\/de\/wp-json\/wp\/v2\/product_tag?post=3572"}],"curies":[{"name":"wp","href":"https:\/\/api.w.org\/{rel}","templated":true}]}}