{"id":3574,"date":"2024-09-24T07:13:33","date_gmt":"2024-09-24T07:13:33","guid":{"rendered":"https:\/\/proacquagroup.com\/casa-dellacqua-modello-city-250-lt-h-acqua-naturale-e-gasata\/"},"modified":"2025-04-15T15:27:20","modified_gmt":"2025-04-15T15:27:20","slug":"city-250-l-h-gekuehltes-stilles-und-sprudelwasser","status":"publish","type":"product","link":"https:\/\/proacquagroup.com\/de\/city-250-l-h-gekuehltes-stilles-und-sprudelwasser\/","title":{"rendered":"CITY \u2013 250\u202fL\/h Gek\u00fchltes stilles und Sprudelwasser"},"content":{"rendered":"<p class=\"\" data-start=\"1914\" data-end=\"2022\"><strong data-start=\"1914\" data-end=\"2022\">Freistehender \u00f6ffentlicher Wasserspender f\u00fcr Au\u00dfenbereiche \u2013 250\u202fL\/h gek\u00fchltes stilles und Sprudelwasser<\/strong><\/p>\n<p class=\"\" data-start=\"2024\" data-end=\"2276\">Ein freistehender Wasserspender aus Edelstahl, vollst\u00e4ndig im Werk gefertigt, leicht zu transportieren und zu installieren.<br data-start=\"2147\" data-end=\"2150\" \/>Konzipiert f\u00fcr Pl\u00e4tze und Stra\u00dfen moderner St\u00e4dte, ebenso geeignet f\u00fcr Campingpl\u00e4tze, Parks, Bahnh\u00f6fe und Universit\u00e4tsgel\u00e4nde.<\/p>\n<h3 class=\"\" data-start=\"2278\" data-end=\"2296\">Hauptmerkmale:<\/h3>\n<ul data-start=\"2297\" data-end=\"3166\">\n<li class=\"\" data-start=\"2297\" data-end=\"2424\">\n<p class=\"\" data-start=\"2299\" data-end=\"2424\">Gibt <strong data-start=\"2304\" data-end=\"2343\">gek\u00fchltes stilles und Sprudelwasser<\/strong> mit einer <strong data-start=\"2354\" data-end=\"2389\">K\u00fchlleistung von bis zu 250\u202fL\/h<\/strong> aus (bei 20\u202f\u00b0C Zulauftemperatur)<\/p>\n<\/li>\n<li class=\"\" data-start=\"2425\" data-end=\"2519\">\n<p class=\"\" data-start=\"2427\" data-end=\"2519\"><strong data-start=\"2427\" data-end=\"2443\">Barrierefrei<\/strong>: Konform mit den gesetzlichen Vorschriften f\u00fcr Menschen mit Behinderungen<\/p>\n<\/li>\n<li class=\"\" data-start=\"2520\" data-end=\"2613\">\n<p class=\"\" data-start=\"2522\" data-end=\"2613\"><strong data-start=\"2522\" data-end=\"2552\">Vandalismussicheres Design<\/strong>: Keine hervorstehenden oder leicht besch\u00e4digbaren Elemente<\/p>\n<\/li>\n<li class=\"\" data-start=\"2614\" data-end=\"2659\">\n<p class=\"\" data-start=\"2616\" data-end=\"2659\"><strong data-start=\"2616\" data-end=\"2630\">Schutzdach<\/strong> nach gesetzlichen Vorgaben<\/p>\n<\/li>\n<li class=\"\" data-start=\"2660\" data-end=\"2697\">\n<p class=\"\" data-start=\"2662\" data-end=\"2697\"><strong data-start=\"2662\" data-end=\"2695\">Innere Frostschutz-Isolierung<\/strong><\/p>\n<\/li>\n<li class=\"\" data-start=\"2698\" data-end=\"2809\">\n<p class=\"\" data-start=\"2700\" data-end=\"2809\"><strong data-start=\"2700\" data-end=\"2717\">Wasserausgabe<\/strong> \u00fcber vandalensichere Niederspannungstasten, programmierbar nach Menge und Art des Wassers<\/p>\n<\/li>\n<li class=\"\" data-start=\"2810\" data-end=\"2878\">\n<p class=\"\" data-start=\"2812\" data-end=\"2878\"><strong data-start=\"2812\" data-end=\"2828\">Ablagefl\u00e4che<\/strong> f\u00fcr zu bef\u00fcllende und bereits bef\u00fcllte Flaschen<\/p>\n<\/li>\n<li class=\"\" data-start=\"2879\" data-end=\"2977\">\n<p class=\"\" data-start=\"2881\" data-end=\"2977\"><strong data-start=\"2881\" data-end=\"2896\">Tropfschale<\/strong> direkt mit dem Abfluss verbunden \u2013 vermeidet \u00dcberlauf und Eisbildung im Winter<\/p>\n<\/li>\n<li class=\"\" data-start=\"2978\" data-end=\"3034\">\n<p class=\"\" data-start=\"2980\" data-end=\"3034\"><strong data-start=\"2980\" data-end=\"3004\">LED-Nachtbeleuchtung<\/strong> mit geringem Stromverbrauch<\/p>\n<\/li>\n<li class=\"\" data-start=\"3035\" data-end=\"3102\">\n<p class=\"\" data-start=\"3037\" data-end=\"3102\"><strong data-start=\"3037\" data-end=\"3061\">Integrierte Software<\/strong> zur Erstellung von Nutzungsstatistiken<\/p>\n<\/li>\n<li class=\"\" data-start=\"3103\" data-end=\"3166\">\n<p class=\"\" data-start=\"3105\" data-end=\"3166\"><strong data-start=\"3105\" data-end=\"3117\">UV-Lampe<\/strong> an der Auslassd\u00fcse zum Schutz vor R\u00fcckverkeimung<\/p>\n<\/li>\n<\/ul>\n<h3 class=\"\" data-start=\"3168\" data-end=\"3195\">Optionale Zubeh\u00f6rteile:<\/h3>\n<ul data-start=\"3196\" data-end=\"3653\">\n<li class=\"\" data-start=\"3196\" data-end=\"3233\">\n<p class=\"\" data-start=\"3198\" data-end=\"3233\"><strong data-start=\"3198\" data-end=\"3216\">Zahlungssystem<\/strong> mit RFID-Karte<\/p>\n<\/li>\n<li class=\"\" data-start=\"3234\" data-end=\"3289\">\n<p class=\"\" data-start=\"3236\" data-end=\"3289\"><strong data-start=\"3236\" data-end=\"3252\">Filtersystem<\/strong> mit Mikrofiltration und Aktivkohle<\/p>\n<\/li>\n<li class=\"\" data-start=\"3290\" data-end=\"3323\">\n<p class=\"\" data-start=\"3292\" data-end=\"3323\"><strong data-start=\"3292\" data-end=\"3321\">UV-Lampe am Wassereingang<\/strong><\/p>\n<\/li>\n<li class=\"\" data-start=\"3324\" data-end=\"3347\">\n<p class=\"\" data-start=\"3326\" data-end=\"3347\"><strong data-start=\"3326\" data-end=\"3345\">39&#8243;-LED-Monitor<\/strong><\/p>\n<\/li>\n<li class=\"\" data-start=\"3348\" data-end=\"3388\">\n<p class=\"\" data-start=\"3350\" data-end=\"3388\"><strong data-start=\"3350\" data-end=\"3386\">Video\u00fcberwachung mit Fernzugriff<\/strong><\/p>\n<\/li>\n<li class=\"\" data-start=\"3389\" data-end=\"3453\">\n<p class=\"\" data-start=\"3391\" data-end=\"3453\"><strong data-start=\"3391\" data-end=\"3418\">Individuelle Gestaltung<\/strong> der Karten (Farben und Grafiken)<\/p>\n<\/li>\n<li class=\"\" data-start=\"3454\" data-end=\"3495\">\n<p class=\"\" data-start=\"3456\" data-end=\"3495\"><strong data-start=\"3456\" data-end=\"3477\">3G-Diagnosesystem<\/strong> f\u00fcr Fernwartung<\/p>\n<\/li>\n<li class=\"\" data-start=\"3496\" data-end=\"3539\">\n<p class=\"\" data-start=\"3498\" data-end=\"3539\"><strong data-start=\"3498\" data-end=\"3512\">WLAN-Modul<\/strong> zur FTP-Daten\u00fcbertragung<\/p>\n<\/li>\n<li class=\"\" data-start=\"3540\" data-end=\"3576\">\n<p class=\"\" data-start=\"3542\" data-end=\"3576\"><strong data-start=\"3542\" data-end=\"3574\">Webbasiertes Reportingsystem<\/strong><\/p>\n<\/li>\n<li class=\"\" data-start=\"3577\" data-end=\"3653\">\n<p class=\"\" data-start=\"3579\" data-end=\"3653\"><strong data-start=\"3579\" data-end=\"3604\">Zahlungsm\u00f6glichkeiten<\/strong>: M\u00fcnzeinwurf, Smartphone, Banknoten, Kreditkarte<\/p>\n<\/li>\n<\/ul>\n<p class=\"\" data-start=\"3655\" data-end=\"3704\">\n","protected":false},"excerpt":{"rendered":"<p>Gek\u00fchltes stilles und Sprudelwasser \u2013 250\u202fL\/h<\/p>\n","protected":false},"featured_media":3061,"comment_status":"closed","ping_status":"closed","template":"","meta":{"inline_featured_image":false},"product_brand":[],"product_cat":[59],"product_tag":[],"class_list":{"0":"post-3574","1":"product","2":"type-product","3":"status-publish","4":"has-post-thumbnail","6":"product_cat-proacqua-city-de","8":"first","9":"instock","10":"shipping-taxable","11":"purchasable","12":"product-type-simple"},"_links":{"self":[{"href":"https:\/\/proacquagroup.com\/de\/wp-json\/wp\/v2\/product\/3574","targetHints":{"allow":["GET"]}}],"collection":[{"href":"https:\/\/proacquagroup.com\/de\/wp-json\/wp\/v2\/product"}],"about":[{"href":"https:\/\/proacquagroup.com\/de\/wp-json\/wp\/v2\/types\/product"}],"replies":[{"embeddable":true,"href":"https:\/\/proacquagroup.com\/de\/wp-json\/wp\/v2\/comments?post=3574"}],"wp:featuredmedia":[{"embeddable":true,"href":"https:\/\/proacquagroup.com\/de\/wp-json\/wp\/v2\/media\/3061"}],"wp:attachment":[{"href":"https:\/\/proacquagroup.com\/de\/wp-json\/wp\/v2\/media?parent=3574"}],"wp:term":[{"taxonomy":"product_brand","embeddable":true,"href":"https:\/\/proacquagroup.com\/de\/wp-json\/wp\/v2\/product_brand?post=3574"},{"taxonomy":"product_cat","embeddable":true,"href":"https:\/\/proacquagroup.com\/de\/wp-json\/wp\/v2\/product_cat?post=3574"},{"taxonomy":"product_tag","embeddable":true,"href":"https:\/\/proacquagroup.com\/de\/wp-json\/wp\/v2\/product_tag?post=3574"}],"curies":[{"name":"wp","href":"https:\/\/api.w.org\/{rel}","templated":true}]}}