{"id":4200,"date":"2025-10-10T13:14:25","date_gmt":"2025-10-10T13:14:25","guid":{"rendered":"https:\/\/proacquagroup.com\/colonnina-proacqua-colonnina-acqua\/"},"modified":"2025-10-10T14:47:45","modified_gmt":"2025-10-10T14:47:45","slug":"colonnina-proacqua-colonnina-acqua","status":"publish","type":"product","link":"https:\/\/proacquagroup.com\/de\/colonnina-proacqua-colonnina-acqua\/","title":{"rendered":"ProAcqua-Wassers\u00e4ule"},"content":{"rendered":"<p data-start=\"0\" data-end=\"70\"><strong data-start=\"0\" data-end=\"68\">ProAcqua-Wassers\u00e4ule \u2013 Frisches und zug\u00e4ngliches Wasser f\u00fcr alle<\/strong><\/p>\n<p data-start=\"72\" data-end=\"426\">Die <strong data-start=\"76\" data-end=\"100\">ProAcqua-Wassers\u00e4ule<\/strong> ist die ideale L\u00f6sung, um sauberes und sicheres Wasser in \u00f6ffentliche Bereiche wie Pl\u00e4tze, Parks und st\u00e4dtische Zonen zu bringen. Kompakt, elegant und widerstandsf\u00e4hig \u2013 diese S\u00e4ule ist so konzipiert, dass sie sich harmonisch in jede Umgebung einf\u00fcgt und dabei gleichzeitig Praktikabilit\u00e4t und Funktionalit\u00e4t gew\u00e4hrleistet.<\/p>\n<p data-start=\"428\" data-end=\"560\">Eine \u00f6ffentliche Wassers\u00e4ule ist ein wesentliches Element zur F\u00f6rderung von <strong data-start=\"504\" data-end=\"522\">Nachhaltigkeit<\/strong> und des <strong data-start=\"531\" data-end=\"557\">Zugangs zu Trinkwasser<\/strong>.<\/p>\n<p data-start=\"562\" data-end=\"750\">Dank des <strong data-start=\"571\" data-end=\"604\">ProAcqua-FM-Aktivkohlefilters<\/strong> garantiert jede Ausgabe Wasser mit einem reinen Geschmack \u2013 frei von Verunreinigungen und unerw\u00fcnschten Substanzen \u2013 und jederzeit trinkbereit.<\/p>\n<p data-start=\"752\" data-end=\"793\">Die S\u00e4ule bietet <strong data-start=\"769\" data-end=\"790\">drei Nutzungsmodi<\/strong>:<\/p>\n<ul data-start=\"794\" data-end=\"1065\">\n<li data-start=\"794\" data-end=\"889\">\n<p data-start=\"796\" data-end=\"889\"><strong data-start=\"796\" data-end=\"816\">Flaschenf\u00fcllung:<\/strong> f\u00fcr eine schnelle und hygienische Abgabe direkt in die eigene Flasche.<\/p>\n<\/li>\n<li data-start=\"890\" data-end=\"965\">\n<p data-start=\"892\" data-end=\"965\"><strong data-start=\"892\" data-end=\"908\">Trinkstrahl:<\/strong> f\u00fcr die sofortige Nutzung durch Menschen jeden Alters.<\/p>\n<\/li>\n<li data-start=\"966\" data-end=\"1065\">\n<p data-start=\"968\" data-end=\"1065\"><strong data-start=\"968\" data-end=\"982\">Hundenapf:<\/strong> um auch unseren vierbeinigen Freunden frisches, sauberes Wasser bereitzustellen.<\/p>\n<\/li>\n<\/ul>\n<p data-start=\"1067\" data-end=\"1344\">Erh\u00e4ltlich in verschiedenen Ausf\u00fchrungen, kann die Wassers\u00e4ule <strong data-start=\"1130\" data-end=\"1154\">an die Anforderungen<\/strong> des jeweiligen Installationsortes angepasst werden. Auf Wunsch sind Versionen <strong data-start=\"1233\" data-end=\"1277\">ohne Hundenapf und\/oder ohne Trinkstrahl<\/strong> erh\u00e4ltlich, um sich besser an spezifische Umgebungen anzupassen.<\/p>\n<p data-start=\"1346\" data-end=\"1611\" data-is-last-node=\"\" data-is-only-node=\"\">Die <strong data-start=\"1350\" data-end=\"1374\">ProAcqua-Wassers\u00e4ule<\/strong> ist mehr als nur ein Wasserspender \u2013 sie ist ein <strong data-start=\"1424\" data-end=\"1450\">Symbol f\u00fcr Achtsamkeit<\/strong> gegen\u00fcber Gesundheit, Umwelt und dem Wohlbefinden von Menschen und Tieren. Sie verwandelt jeden \u00f6ffentlichen Raum in einen lebenswerteren und einladenderen Ort.<\/p>\n","protected":false},"excerpt":{"rendered":"<p>ProAcqua-Wassers\u00e4ule \u2013 Frisches und zug\u00e4ngliches Wasser f\u00fcr alle Die ProAcqua-Wassers\u00e4ule ist die ideale L\u00f6sung, um sauberes und sicheres Wasser in \u00f6ffentliche Bereiche wie Pl\u00e4tze, Parks und st\u00e4dtische Zonen zu bringen&#8230;.<\/p>\n","protected":false},"featured_media":4188,"comment_status":"closed","ping_status":"closed","template":"","meta":{"inline_featured_image":false},"product_brand":[],"product_cat":[104,55,65],"product_tag":[],"class_list":{"0":"post-4200","1":"product","2":"type-product","3":"status-publish","4":"has-post-thumbnail","6":"product_cat-colonnina-proacqua","7":"product_cat-nicht-kategorisiert","8":"product_cat-wasserspender-fur-offentliche-veranstaltungen-notfalle","10":"first","11":"instock","12":"shipping-taxable","13":"purchasable","14":"product-type-simple"},"_links":{"self":[{"href":"https:\/\/proacquagroup.com\/de\/wp-json\/wp\/v2\/product\/4200","targetHints":{"allow":["GET"]}}],"collection":[{"href":"https:\/\/proacquagroup.com\/de\/wp-json\/wp\/v2\/product"}],"about":[{"href":"https:\/\/proacquagroup.com\/de\/wp-json\/wp\/v2\/types\/product"}],"replies":[{"embeddable":true,"href":"https:\/\/proacquagroup.com\/de\/wp-json\/wp\/v2\/comments?post=4200"}],"wp:featuredmedia":[{"embeddable":true,"href":"https:\/\/proacquagroup.com\/de\/wp-json\/wp\/v2\/media\/4188"}],"wp:attachment":[{"href":"https:\/\/proacquagroup.com\/de\/wp-json\/wp\/v2\/media?parent=4200"}],"wp:term":[{"taxonomy":"product_brand","embeddable":true,"href":"https:\/\/proacquagroup.com\/de\/wp-json\/wp\/v2\/product_brand?post=4200"},{"taxonomy":"product_cat","embeddable":true,"href":"https:\/\/proacquagroup.com\/de\/wp-json\/wp\/v2\/product_cat?post=4200"},{"taxonomy":"product_tag","embeddable":true,"href":"https:\/\/proacquagroup.com\/de\/wp-json\/wp\/v2\/product_tag?post=4200"}],"curies":[{"name":"wp","href":"https:\/\/api.w.org\/{rel}","templated":true}]}}